{"id":8871,"date":"2023-04-26T09:56:01","date_gmt":"2023-04-26T07:56:01","guid":{"rendered":"https:\/\/scroll-zone.com\/sk\/?post_type=product&#038;p=8871"},"modified":"2024-06-20T09:51:38","modified_gmt":"2024-06-20T07:51:38","slug":"body-na-tvarovanie-postavy","status":"publish","type":"product","link":"https:\/\/scroll-zone.com\/sk\/produkt\/body-na-tvarovanie-postavy\/","title":{"rendered":"Body na tvarovanie postavy"},"content":{"rendered":"","protected":false},"excerpt":{"rendered":"<p>Pohodln\u00e9, praktick\u00e9, kr\u00e1sne a z\u00e1rove\u0148 ve\u013emi efekt\u00edvne a modern\u00e9 body. Vytvarujte si postavu t\u00fdmto hitov\u00fdm body!<\/p>\n","protected":false},"featured_media":8888,"comment_status":"closed","ping_status":"closed","template":"","meta":{"inline_featured_image":false},"product_brand":[],"product_cat":[15,28],"product_tag":[],"class_list":{"0":"post-8871","1":"product","2":"type-product","3":"status-publish","4":"has-post-thumbnail","6":"product_cat-uncategorized","7":"product_cat-beauty","9":"first","10":"instock","11":"sale","12":"taxable","13":"shipping-taxable","14":"purchasable","15":"product-type-variable"},"acf":[],"_links":{"self":[{"href":"https:\/\/scroll-zone.com\/sk\/wp-json\/wp\/v2\/product\/8871","targetHints":{"allow":["GET"]}}],"collection":[{"href":"https:\/\/scroll-zone.com\/sk\/wp-json\/wp\/v2\/product"}],"about":[{"href":"https:\/\/scroll-zone.com\/sk\/wp-json\/wp\/v2\/types\/product"}],"replies":[{"embeddable":true,"href":"https:\/\/scroll-zone.com\/sk\/wp-json\/wp\/v2\/comments?post=8871"}],"wp:featuredmedia":[{"embeddable":true,"href":"https:\/\/scroll-zone.com\/sk\/wp-json\/wp\/v2\/media\/8888"}],"wp:attachment":[{"href":"https:\/\/scroll-zone.com\/sk\/wp-json\/wp\/v2\/media?parent=8871"}],"wp:term":[{"taxonomy":"product_brand","embeddable":true,"href":"https:\/\/scroll-zone.com\/sk\/wp-json\/wp\/v2\/product_brand?post=8871"},{"taxonomy":"product_cat","embeddable":true,"href":"https:\/\/scroll-zone.com\/sk\/wp-json\/wp\/v2\/product_cat?post=8871"},{"taxonomy":"product_tag","embeddable":true,"href":"https:\/\/scroll-zone.com\/sk\/wp-json\/wp\/v2\/product_tag?post=8871"}],"curies":[{"name":"wp","href":"https:\/\/api.w.org\/{rel}","templated":true}]}}