{"id":2544,"date":"2022-05-04T12:56:55","date_gmt":"2022-05-04T10:56:55","guid":{"rendered":"https:\/\/scroll-zone.com\/sk\/?post_type=product&#038;p=2544"},"modified":"2024-06-20T09:54:05","modified_gmt":"2024-06-20T07:54:05","slug":"mosadzny-konektor-akumulatorovej-baterie-acucon","status":"publish","type":"product","link":"https:\/\/scroll-zone.com\/sk\/produkt\/mosadzny-konektor-akumulatorovej-baterie-acucon\/","title":{"rendered":"Mosadzn\u00fd konektor akumul\u00e1torovej bat\u00e9rie-AcuCon"},"content":{"rendered":"","protected":false},"excerpt":{"rendered":"<p>Svorka k\u00e1bla autobat\u00e9rie, nap\u00e1jac\u00ed konektor, stabiln\u00fd pr\u00fad a ochrana bat\u00e9rie.<\/p>\n","protected":false},"featured_media":2550,"comment_status":"closed","ping_status":"closed","template":"","meta":{"inline_featured_image":false},"product_brand":[],"product_cat":[15,25],"product_tag":[],"class_list":{"0":"post-2544","1":"product","2":"type-product","3":"status-publish","4":"has-post-thumbnail","6":"product_cat-uncategorized","7":"product_cat-car","9":"first","10":"instock","11":"sale","12":"taxable","13":"shipping-taxable","14":"purchasable","15":"product-type-simple"},"acf":[],"_links":{"self":[{"href":"https:\/\/scroll-zone.com\/sk\/wp-json\/wp\/v2\/product\/2544","targetHints":{"allow":["GET"]}}],"collection":[{"href":"https:\/\/scroll-zone.com\/sk\/wp-json\/wp\/v2\/product"}],"about":[{"href":"https:\/\/scroll-zone.com\/sk\/wp-json\/wp\/v2\/types\/product"}],"replies":[{"embeddable":true,"href":"https:\/\/scroll-zone.com\/sk\/wp-json\/wp\/v2\/comments?post=2544"}],"wp:featuredmedia":[{"embeddable":true,"href":"https:\/\/scroll-zone.com\/sk\/wp-json\/wp\/v2\/media\/2550"}],"wp:attachment":[{"href":"https:\/\/scroll-zone.com\/sk\/wp-json\/wp\/v2\/media?parent=2544"}],"wp:term":[{"taxonomy":"product_brand","embeddable":true,"href":"https:\/\/scroll-zone.com\/sk\/wp-json\/wp\/v2\/product_brand?post=2544"},{"taxonomy":"product_cat","embeddable":true,"href":"https:\/\/scroll-zone.com\/sk\/wp-json\/wp\/v2\/product_cat?post=2544"},{"taxonomy":"product_tag","embeddable":true,"href":"https:\/\/scroll-zone.com\/sk\/wp-json\/wp\/v2\/product_tag?post=2544"}],"curies":[{"name":"wp","href":"https:\/\/api.w.org\/{rel}","templated":true}]}}