{"id":21357,"date":"2026-03-27T18:38:44","date_gmt":"2026-03-27T17:38:44","guid":{"rendered":"https:\/\/scroll-zone.com\/sk\/produkt\/heartxy-product\/"},"modified":"2026-04-08T13:01:55","modified_gmt":"2026-04-08T11:01:55","slug":"ocelovy-nahrdelnik-v-tvare-srdca","status":"publish","type":"product","link":"https:\/\/scroll-zone.com\/sk\/produkt\/ocelovy-nahrdelnik-v-tvare-srdca\/","title":{"rendered":"Oce\u013eov\u00fd n\u00e1hrdeln\u00edk v tvare srdca"},"content":{"rendered":"","protected":false},"excerpt":{"rendered":"<p>Tento n\u00e1hrdeln\u00edk dokonale sp\u00e1ja eleganciu a zvodnos\u0165, zd\u00f4raz\u0148uj\u00fac va\u0161u jedine\u010dn\u00fa kr\u00e1su. Minimalistick\u00fd dizajn so srdcom dod\u00e1va rafinovan\u00fd a v\u00fdrazn\u00fd vzh\u013ead. Je ide\u00e1lny na \u0161peci\u00e1lne pr\u00edle\u017eitosti, ve\u010dern\u00e9 v\u00fdlety alebo ka\u017edodenn\u00e9 nosenie, ktor\u00e9 pri\u0165ahuje poh\u013eady.<\/p>\n","protected":false},"featured_media":21358,"comment_status":"closed","ping_status":"closed","template":"","meta":{"inline_featured_image":false},"product_brand":[],"product_cat":[15,27,28,24,35],"product_tag":[],"class_list":{"0":"post-21357","1":"product","2":"type-product","3":"status-publish","4":"has-post-thumbnail","6":"product_cat-uncategorized","7":"product_cat-home","8":"product_cat-beauty","9":"product_cat-sale","10":"product_cat-fun","12":"first","13":"instock","14":"sale","15":"taxable","16":"shipping-taxable","17":"purchasable","18":"product-type-simple"},"acf":[],"_links":{"self":[{"href":"https:\/\/scroll-zone.com\/sk\/wp-json\/wp\/v2\/product\/21357","targetHints":{"allow":["GET"]}}],"collection":[{"href":"https:\/\/scroll-zone.com\/sk\/wp-json\/wp\/v2\/product"}],"about":[{"href":"https:\/\/scroll-zone.com\/sk\/wp-json\/wp\/v2\/types\/product"}],"replies":[{"embeddable":true,"href":"https:\/\/scroll-zone.com\/sk\/wp-json\/wp\/v2\/comments?post=21357"}],"wp:featuredmedia":[{"embeddable":true,"href":"https:\/\/scroll-zone.com\/sk\/wp-json\/wp\/v2\/media\/21358"}],"wp:attachment":[{"href":"https:\/\/scroll-zone.com\/sk\/wp-json\/wp\/v2\/media?parent=21357"}],"wp:term":[{"taxonomy":"product_brand","embeddable":true,"href":"https:\/\/scroll-zone.com\/sk\/wp-json\/wp\/v2\/product_brand?post=21357"},{"taxonomy":"product_cat","embeddable":true,"href":"https:\/\/scroll-zone.com\/sk\/wp-json\/wp\/v2\/product_cat?post=21357"},{"taxonomy":"product_tag","embeddable":true,"href":"https:\/\/scroll-zone.com\/sk\/wp-json\/wp\/v2\/product_tag?post=21357"}],"curies":[{"name":"wp","href":"https:\/\/api.w.org\/{rel}","templated":true}]}}