{"id":21333,"date":"2026-03-27T13:59:00","date_gmt":"2026-03-27T12:59:00","guid":{"rendered":"https:\/\/scroll-zone.com\/sk\/produkt\/ncksty-product\/"},"modified":"2026-04-29T10:32:01","modified_gmt":"2026-04-29T08:32:01","slug":"obojok-na-krk-s-putami-na-spajanie","status":"publish","type":"product","link":"https:\/\/scroll-zone.com\/sk\/produkt\/obojok-na-krk-s-putami-na-spajanie\/","title":{"rendered":"Obojok na krk s putami na sp\u00e1janie"},"content":{"rendered":"","protected":false},"excerpt":{"rendered":"<p>Diskr\u00e9tny a pohodln\u00fd set, ktor\u00fd prin\u00e1\u0161a nov\u00fa dynamiku do vz\u0165ahu dvoch partnerov prostredn\u00edctvom hry d\u00f4very a bl\u00edzkosti. Nastavite\u013en\u00fd dizajn umo\u017e\u0148uje bezpe\u010dn\u00e9 a pr\u00edjemn\u00e9 prisp\u00f4sobenie bez nepr\u00edjemnost\u00ed. Kvalitn\u00e9 materi\u00e1ly poskytuj\u00fa dlh\u00fa \u017eivotnos\u0165 a pr\u00edjemn\u00fd pocit pri ka\u017edom pou\u017eit\u00ed.<\/p>\n","protected":false},"featured_media":21334,"comment_status":"closed","ping_status":"closed","template":"","meta":{"inline_featured_image":false},"product_brand":[],"product_cat":[15,27,24,35],"product_tag":[],"class_list":{"0":"post-21333","1":"product","2":"type-product","3":"status-publish","4":"has-post-thumbnail","6":"product_cat-uncategorized","7":"product_cat-home","8":"product_cat-sale","9":"product_cat-fun","11":"first","12":"instock","13":"sale","14":"taxable","15":"shipping-taxable","16":"purchasable","17":"product-type-simple"},"acf":[],"_links":{"self":[{"href":"https:\/\/scroll-zone.com\/sk\/wp-json\/wp\/v2\/product\/21333","targetHints":{"allow":["GET"]}}],"collection":[{"href":"https:\/\/scroll-zone.com\/sk\/wp-json\/wp\/v2\/product"}],"about":[{"href":"https:\/\/scroll-zone.com\/sk\/wp-json\/wp\/v2\/types\/product"}],"replies":[{"embeddable":true,"href":"https:\/\/scroll-zone.com\/sk\/wp-json\/wp\/v2\/comments?post=21333"}],"wp:featuredmedia":[{"embeddable":true,"href":"https:\/\/scroll-zone.com\/sk\/wp-json\/wp\/v2\/media\/21334"}],"wp:attachment":[{"href":"https:\/\/scroll-zone.com\/sk\/wp-json\/wp\/v2\/media?parent=21333"}],"wp:term":[{"taxonomy":"product_brand","embeddable":true,"href":"https:\/\/scroll-zone.com\/sk\/wp-json\/wp\/v2\/product_brand?post=21333"},{"taxonomy":"product_cat","embeddable":true,"href":"https:\/\/scroll-zone.com\/sk\/wp-json\/wp\/v2\/product_cat?post=21333"},{"taxonomy":"product_tag","embeddable":true,"href":"https:\/\/scroll-zone.com\/sk\/wp-json\/wp\/v2\/product_tag?post=21333"}],"curies":[{"name":"wp","href":"https:\/\/api.w.org\/{rel}","templated":true}]}}