{"id":20862,"date":"2026-03-05T15:29:17","date_gmt":"2026-03-05T14:29:17","guid":{"rendered":"https:\/\/scroll-zone.com\/sk\/produkt\/airl-v-product\/"},"modified":"2026-03-05T16:37:00","modified_gmt":"2026-03-05T15:37:00","slug":"paska-na-tvarovanie-a-lifting-tvare-v-line","status":"publish","type":"product","link":"https:\/\/scroll-zone.com\/sk\/produkt\/paska-na-tvarovanie-a-lifting-tvare-v-line\/","title":{"rendered":"P\u00e1ska na tvarovanie a lifting tv\u00e1re V-Line"},"content":{"rendered":"","protected":false},"excerpt":{"rendered":"<p>V-Line p\u00e1ska na lifting tv\u00e1re pom\u00e1ha, aby tv\u00e1r vyzerala pevnej\u0161ie a definovanej\u0161ie \u00faplne jednoduch\u00fdm sp\u00f4sobom. \u0160peci\u00e1lny dizajn s pumpi\u010dkou vytv\u00e1ra jemn\u00fd tlak, ktor\u00fd podopiera l\u00edniu \u010de\u013euste a l\u00edca. Je ide\u00e1lna pre ka\u017edodenn\u00fa starostlivos\u0165, ke\u010f chcete, aby tv\u00e1r vyzerala svie\u017eej\u0161ie a tvarovanej\u0161ie.<\/p>\n","protected":false},"featured_media":20863,"comment_status":"closed","ping_status":"closed","template":"","meta":{"inline_featured_image":false},"product_brand":[],"product_cat":[15,27,28,35],"product_tag":[],"class_list":{"0":"post-20862","1":"product","2":"type-product","3":"status-publish","4":"has-post-thumbnail","6":"product_cat-uncategorized","7":"product_cat-home","8":"product_cat-beauty","9":"product_cat-fun","11":"first","12":"instock","13":"sale","14":"taxable","15":"shipping-taxable","16":"purchasable","17":"product-type-simple"},"acf":[],"_links":{"self":[{"href":"https:\/\/scroll-zone.com\/sk\/wp-json\/wp\/v2\/product\/20862","targetHints":{"allow":["GET"]}}],"collection":[{"href":"https:\/\/scroll-zone.com\/sk\/wp-json\/wp\/v2\/product"}],"about":[{"href":"https:\/\/scroll-zone.com\/sk\/wp-json\/wp\/v2\/types\/product"}],"replies":[{"embeddable":true,"href":"https:\/\/scroll-zone.com\/sk\/wp-json\/wp\/v2\/comments?post=20862"}],"wp:featuredmedia":[{"embeddable":true,"href":"https:\/\/scroll-zone.com\/sk\/wp-json\/wp\/v2\/media\/20863"}],"wp:attachment":[{"href":"https:\/\/scroll-zone.com\/sk\/wp-json\/wp\/v2\/media?parent=20862"}],"wp:term":[{"taxonomy":"product_brand","embeddable":true,"href":"https:\/\/scroll-zone.com\/sk\/wp-json\/wp\/v2\/product_brand?post=20862"},{"taxonomy":"product_cat","embeddable":true,"href":"https:\/\/scroll-zone.com\/sk\/wp-json\/wp\/v2\/product_cat?post=20862"},{"taxonomy":"product_tag","embeddable":true,"href":"https:\/\/scroll-zone.com\/sk\/wp-json\/wp\/v2\/product_tag?post=20862"}],"curies":[{"name":"wp","href":"https:\/\/api.w.org\/{rel}","templated":true}]}}