{"id":20830,"date":"2026-03-04T01:57:30","date_gmt":"2026-03-04T00:57:30","guid":{"rendered":"https:\/\/scroll-zone.com\/sk\/produkt\/vsyset-product\/"},"modified":"2026-04-29T10:32:24","modified_gmt":"2026-04-29T08:32:24","slug":"diskretne-cipkovane-nohavicky-s-vibraciou","status":"publish","type":"product","link":"https:\/\/scroll-zone.com\/sk\/produkt\/diskretne-cipkovane-nohavicky-s-vibraciou\/","title":{"rendered":"Diskr\u00e9tne \u010dipkovan\u00e9 nohavi\u010dky s vibr\u00e1ciou"},"content":{"rendered":"","protected":false},"excerpt":{"rendered":"<p>Existuj\u00fa chv\u00edle, ke\u010f chcete zachova\u0165 eleganciu, a predsa prida\u0165 nie\u010do neo\u010dak\u00e1van\u00e9.<br \/>\nTento model sp\u00e1ja jemn\u00fd \u010dipkovan\u00fd dizajn so subt\u00edlnou technol\u00f3giou, ktor\u00e1 zvy\u0161uje z\u00e1\u017eitok na vy\u0161\u0161iu \u00farove\u0148.<br \/>\nDokonal\u00e1 rovnov\u00e1ha medzi \u0161t\u00fdlom, pohodl\u00edm a \u00faplnou kontrolou.<\/p>\n","protected":false},"featured_media":20831,"comment_status":"closed","ping_status":"closed","template":"","meta":{"inline_featured_image":false},"product_brand":[],"product_cat":[15,27,24,35],"product_tag":[],"class_list":{"0":"post-20830","1":"product","2":"type-product","3":"status-publish","4":"has-post-thumbnail","6":"product_cat-uncategorized","7":"product_cat-home","8":"product_cat-sale","9":"product_cat-fun","11":"first","12":"instock","13":"sale","14":"taxable","15":"shipping-taxable","16":"purchasable","17":"product-type-simple"},"acf":[],"_links":{"self":[{"href":"https:\/\/scroll-zone.com\/sk\/wp-json\/wp\/v2\/product\/20830","targetHints":{"allow":["GET"]}}],"collection":[{"href":"https:\/\/scroll-zone.com\/sk\/wp-json\/wp\/v2\/product"}],"about":[{"href":"https:\/\/scroll-zone.com\/sk\/wp-json\/wp\/v2\/types\/product"}],"replies":[{"embeddable":true,"href":"https:\/\/scroll-zone.com\/sk\/wp-json\/wp\/v2\/comments?post=20830"}],"wp:featuredmedia":[{"embeddable":true,"href":"https:\/\/scroll-zone.com\/sk\/wp-json\/wp\/v2\/media\/20831"}],"wp:attachment":[{"href":"https:\/\/scroll-zone.com\/sk\/wp-json\/wp\/v2\/media?parent=20830"}],"wp:term":[{"taxonomy":"product_brand","embeddable":true,"href":"https:\/\/scroll-zone.com\/sk\/wp-json\/wp\/v2\/product_brand?post=20830"},{"taxonomy":"product_cat","embeddable":true,"href":"https:\/\/scroll-zone.com\/sk\/wp-json\/wp\/v2\/product_cat?post=20830"},{"taxonomy":"product_tag","embeddable":true,"href":"https:\/\/scroll-zone.com\/sk\/wp-json\/wp\/v2\/product_tag?post=20830"}],"curies":[{"name":"wp","href":"https:\/\/api.w.org\/{rel}","templated":true}]}}