{"id":20807,"date":"2026-03-02T13:39:48","date_gmt":"2026-03-02T12:39:48","guid":{"rendered":"https:\/\/scroll-zone.com\/sk\/produkt\/porex-product\/"},"modified":"2026-03-10T20:36:15","modified_gmt":"2026-03-10T19:36:15","slug":"pristroj-na-cistenie-porov-a-ciernych-bodiek","status":"publish","type":"product","link":"https:\/\/scroll-zone.com\/sk\/produkt\/pristroj-na-cistenie-porov-a-ciernych-bodiek\/","title":{"rendered":"Pr\u00edstroj na \u010distenie p\u00f3rov a \u010diernych bodiek"},"content":{"rendered":"","protected":false},"excerpt":{"rendered":"<p>Pr\u00edstroj na h\u013abkov\u00e9 \u010distenie tv\u00e1re, ktor\u00fd pom\u00e1ha odstra\u0148ova\u0165 ne\u010distoty a prebyto\u010dn\u00fd maz z p\u00f3rov.<\/p>\n<p>\u010cist\u00ed p\u00f3ry, \u010dierne bodky a v\u0161etky ostatn\u00e9 ne\u010distoty z va\u0161ej poko\u017eky.<br \/>\nPou\u017e\u00edva kontrolovan\u00e9 v\u00e1kuum na jemn\u00e9 \u010distenie poko\u017eky bez agres\u00edvnych met\u00f3d.<br \/>\nJe vhodn\u00fd na pravideln\u00fa dom\u00e1cu starostlivos\u0165 a udr\u017eiavanie \u010distej a osvie\u017eenej poko\u017eky.<\/p>\n","protected":false},"featured_media":20808,"comment_status":"closed","ping_status":"closed","template":"","meta":{"inline_featured_image":false},"product_brand":[],"product_cat":[15,27,28,26],"product_tag":[],"class_list":{"0":"post-20807","1":"product","2":"type-product","3":"status-publish","4":"has-post-thumbnail","6":"product_cat-uncategorized","7":"product_cat-home","8":"product_cat-beauty","9":"product_cat-health","11":"first","12":"instock","13":"sale","14":"taxable","15":"shipping-taxable","16":"purchasable","17":"product-type-simple"},"acf":[],"_links":{"self":[{"href":"https:\/\/scroll-zone.com\/sk\/wp-json\/wp\/v2\/product\/20807","targetHints":{"allow":["GET"]}}],"collection":[{"href":"https:\/\/scroll-zone.com\/sk\/wp-json\/wp\/v2\/product"}],"about":[{"href":"https:\/\/scroll-zone.com\/sk\/wp-json\/wp\/v2\/types\/product"}],"replies":[{"embeddable":true,"href":"https:\/\/scroll-zone.com\/sk\/wp-json\/wp\/v2\/comments?post=20807"}],"wp:featuredmedia":[{"embeddable":true,"href":"https:\/\/scroll-zone.com\/sk\/wp-json\/wp\/v2\/media\/20808"}],"wp:attachment":[{"href":"https:\/\/scroll-zone.com\/sk\/wp-json\/wp\/v2\/media?parent=20807"}],"wp:term":[{"taxonomy":"product_brand","embeddable":true,"href":"https:\/\/scroll-zone.com\/sk\/wp-json\/wp\/v2\/product_brand?post=20807"},{"taxonomy":"product_cat","embeddable":true,"href":"https:\/\/scroll-zone.com\/sk\/wp-json\/wp\/v2\/product_cat?post=20807"},{"taxonomy":"product_tag","embeddable":true,"href":"https:\/\/scroll-zone.com\/sk\/wp-json\/wp\/v2\/product_tag?post=20807"}],"curies":[{"name":"wp","href":"https:\/\/api.w.org\/{rel}","templated":true}]}}