{"id":20717,"date":"2026-02-25T21:33:24","date_gmt":"2026-02-25T20:33:24","guid":{"rendered":"https:\/\/scroll-zone.com\/sk\/produkt\/puppy100004-product\/"},"modified":"2026-04-23T03:09:56","modified_gmt":"2026-04-23T01:09:56","slug":"interaktivny-inteligentny-pes-pre-deti","status":"publish","type":"product","link":"https:\/\/scroll-zone.com\/sk\/produkt\/interaktivny-inteligentny-pes-pre-deti\/","title":{"rendered":"Interakt\u00edvny inteligentn\u00fd pes pre deti"},"content":{"rendered":"","protected":false},"excerpt":{"rendered":"<p>Interakt\u00edvne \u0161teniatko reaguje na dotyk a pohyb, poskytuj\u00fac z\u00e1bavn\u00fa a realistick\u00fa hru.<br \/>\nChod\u00ed, \u0161tek\u00e1, m\u00e1va chvostom a spr\u00e1va sa ako skuto\u010dn\u00fd mil\u00e1\u010dik, ale bez povinnost\u00ed a neporiadku.<br \/>\nJe to perfektn\u00fd dar\u010dek, ktor\u00fd prin\u00e1\u0161a rados\u0165 a \u00fasmev do ka\u017ed\u00e9ho domova.<\/p>\n","protected":false},"featured_media":20718,"comment_status":"closed","ping_status":"closed","template":"","meta":{"inline_featured_image":false},"product_brand":[],"product_cat":[15,27,24,35],"product_tag":[],"class_list":{"0":"post-20717","1":"product","2":"type-product","3":"status-publish","4":"has-post-thumbnail","6":"product_cat-uncategorized","7":"product_cat-home","8":"product_cat-sale","9":"product_cat-fun","11":"first","12":"instock","13":"sale","14":"taxable","15":"shipping-taxable","16":"purchasable","17":"product-type-simple"},"acf":[],"_links":{"self":[{"href":"https:\/\/scroll-zone.com\/sk\/wp-json\/wp\/v2\/product\/20717","targetHints":{"allow":["GET"]}}],"collection":[{"href":"https:\/\/scroll-zone.com\/sk\/wp-json\/wp\/v2\/product"}],"about":[{"href":"https:\/\/scroll-zone.com\/sk\/wp-json\/wp\/v2\/types\/product"}],"replies":[{"embeddable":true,"href":"https:\/\/scroll-zone.com\/sk\/wp-json\/wp\/v2\/comments?post=20717"}],"wp:featuredmedia":[{"embeddable":true,"href":"https:\/\/scroll-zone.com\/sk\/wp-json\/wp\/v2\/media\/20718"}],"wp:attachment":[{"href":"https:\/\/scroll-zone.com\/sk\/wp-json\/wp\/v2\/media?parent=20717"}],"wp:term":[{"taxonomy":"product_brand","embeddable":true,"href":"https:\/\/scroll-zone.com\/sk\/wp-json\/wp\/v2\/product_brand?post=20717"},{"taxonomy":"product_cat","embeddable":true,"href":"https:\/\/scroll-zone.com\/sk\/wp-json\/wp\/v2\/product_cat?post=20717"},{"taxonomy":"product_tag","embeddable":true,"href":"https:\/\/scroll-zone.com\/sk\/wp-json\/wp\/v2\/product_tag?post=20717"}],"curies":[{"name":"wp","href":"https:\/\/api.w.org\/{rel}","templated":true}]}}