{"id":20431,"date":"2026-02-06T12:41:20","date_gmt":"2026-02-06T11:41:20","guid":{"rendered":"https:\/\/scroll-zone.com\/sk\/produkt\/bound1-product\/"},"modified":"2026-04-29T10:32:56","modified_gmt":"2026-04-29T08:32:56","slug":"diskretny-set-na-fixovanie-pod-matrac","status":"publish","type":"product","link":"https:\/\/scroll-zone.com\/sk\/produkt\/diskretny-set-na-fixovanie-pod-matrac\/","title":{"rendered":"Diskr\u00e9tny set na fixovanie pod matrac"},"content":{"rendered":"","protected":false},"excerpt":{"rendered":"<p>Diskr\u00e9tny set na upevnenie pod matrac je navrhnut\u00fd pre stabiln\u00e9, bezpe\u010dn\u00e9 a pohodln\u00e9 umiestnenie v s\u00fakromnom prostred\u00ed. In\u0161taluje sa jednoducho, bez trval\u00fdch zmien postele alebo n\u00e1bytku, a prisp\u00f4sobuje sa r\u00f4znym rozmerom. Je ur\u010den\u00fd pre t\u00fdch, ktor\u00ed h\u013eadaj\u00fa spo\u013eahliv\u00e9 rie\u0161enie, ktor\u00e9 sp\u00e1ja funk\u010dnos\u0165, pohodlie a diskr\u00e9tnos\u0165.<\/p>\n","protected":false},"featured_media":19997,"comment_status":"closed","ping_status":"closed","template":"","meta":{"inline_featured_image":false},"product_brand":[],"product_cat":[15,27,24,35],"product_tag":[],"class_list":{"0":"post-20431","1":"product","2":"type-product","3":"status-publish","4":"has-post-thumbnail","6":"product_cat-uncategorized","7":"product_cat-home","8":"product_cat-sale","9":"product_cat-fun","11":"first","12":"instock","13":"sale","14":"taxable","15":"shipping-taxable","16":"purchasable","17":"product-type-simple"},"acf":[],"_links":{"self":[{"href":"https:\/\/scroll-zone.com\/sk\/wp-json\/wp\/v2\/product\/20431","targetHints":{"allow":["GET"]}}],"collection":[{"href":"https:\/\/scroll-zone.com\/sk\/wp-json\/wp\/v2\/product"}],"about":[{"href":"https:\/\/scroll-zone.com\/sk\/wp-json\/wp\/v2\/types\/product"}],"replies":[{"embeddable":true,"href":"https:\/\/scroll-zone.com\/sk\/wp-json\/wp\/v2\/comments?post=20431"}],"wp:featuredmedia":[{"embeddable":true,"href":"https:\/\/scroll-zone.com\/sk\/wp-json\/wp\/v2\/media\/19997"}],"wp:attachment":[{"href":"https:\/\/scroll-zone.com\/sk\/wp-json\/wp\/v2\/media?parent=20431"}],"wp:term":[{"taxonomy":"product_brand","embeddable":true,"href":"https:\/\/scroll-zone.com\/sk\/wp-json\/wp\/v2\/product_brand?post=20431"},{"taxonomy":"product_cat","embeddable":true,"href":"https:\/\/scroll-zone.com\/sk\/wp-json\/wp\/v2\/product_cat?post=20431"},{"taxonomy":"product_tag","embeddable":true,"href":"https:\/\/scroll-zone.com\/sk\/wp-json\/wp\/v2\/product_tag?post=20431"}],"curies":[{"name":"wp","href":"https:\/\/api.w.org\/{rel}","templated":true}]}}