{"id":20401,"date":"2026-02-06T00:21:30","date_gmt":"2026-02-05T23:21:30","guid":{"rendered":"https:\/\/scroll-zone.com\/sk\/produkt\/vacbox-product\/"},"modified":"2026-03-10T20:37:19","modified_gmt":"2026-03-10T19:37:19","slug":"dvojita-reflexna-boxerska-lopta-na-trening","status":"publish","type":"product","link":"https:\/\/scroll-zone.com\/sk\/produkt\/dvojita-reflexna-boxerska-lopta-na-trening\/","title":{"rendered":"Dvojit\u00e1 reflexn\u00e1 boxersk\u00e1 lopta na tr\u00e9ning"},"content":{"rendered":"","protected":false},"excerpt":{"rendered":"<p>T\u00e1to reflexn\u00e1 boxersk\u00e1 lopta je ur\u010den\u00e1 na rozvoj r\u00fdchlosti, koordin\u00e1cie a presnosti \u00faderu. \u013dahko sa in\u0161taluje v dom\u00e1cich podmienkach a poskytuje re\u00e1lny odpor pri ka\u017edom \u00fadere. Je ide\u00e1lnou vo\u013ebou pre v\u0161etk\u00fdch, ktor\u00ed chc\u00fa efekt\u00edvny a dynamick\u00fd tr\u00e9ning bez n\u00e1v\u0161tevy posil\u0148ovne.<\/p>\n","protected":false},"featured_media":17575,"comment_status":"closed","ping_status":"closed","template":"","meta":{"inline_featured_image":false},"product_brand":[],"product_cat":[15,27,24,35],"product_tag":[],"class_list":{"0":"post-20401","1":"product","2":"type-product","3":"status-publish","4":"has-post-thumbnail","6":"product_cat-uncategorized","7":"product_cat-home","8":"product_cat-sale","9":"product_cat-fun","11":"first","12":"instock","13":"sale","14":"taxable","15":"shipping-taxable","16":"purchasable","17":"product-type-simple"},"acf":[],"_links":{"self":[{"href":"https:\/\/scroll-zone.com\/sk\/wp-json\/wp\/v2\/product\/20401","targetHints":{"allow":["GET"]}}],"collection":[{"href":"https:\/\/scroll-zone.com\/sk\/wp-json\/wp\/v2\/product"}],"about":[{"href":"https:\/\/scroll-zone.com\/sk\/wp-json\/wp\/v2\/types\/product"}],"replies":[{"embeddable":true,"href":"https:\/\/scroll-zone.com\/sk\/wp-json\/wp\/v2\/comments?post=20401"}],"wp:featuredmedia":[{"embeddable":true,"href":"https:\/\/scroll-zone.com\/sk\/wp-json\/wp\/v2\/media\/17575"}],"wp:attachment":[{"href":"https:\/\/scroll-zone.com\/sk\/wp-json\/wp\/v2\/media?parent=20401"}],"wp:term":[{"taxonomy":"product_brand","embeddable":true,"href":"https:\/\/scroll-zone.com\/sk\/wp-json\/wp\/v2\/product_brand?post=20401"},{"taxonomy":"product_cat","embeddable":true,"href":"https:\/\/scroll-zone.com\/sk\/wp-json\/wp\/v2\/product_cat?post=20401"},{"taxonomy":"product_tag","embeddable":true,"href":"https:\/\/scroll-zone.com\/sk\/wp-json\/wp\/v2\/product_tag?post=20401"}],"curies":[{"name":"wp","href":"https:\/\/api.w.org\/{rel}","templated":true}]}}