{"id":20310,"date":"2026-01-30T17:20:15","date_gmt":"2026-01-30T16:20:15","guid":{"rendered":"https:\/\/scroll-zone.com\/sk\/produkt\/batpmp1-product\/"},"modified":"2026-03-10T20:37:27","modified_gmt":"2026-03-10T19:37:27","slug":"prenosna-hadica-s-pumpou","status":"publish","type":"product","link":"https:\/\/scroll-zone.com\/sk\/produkt\/prenosna-hadica-s-pumpou\/","title":{"rendered":"Prenosn\u00e1 hadica s pumpou"},"content":{"rendered":"","protected":false},"excerpt":{"rendered":"<p>Prenosn\u00e1 bat\u00e9riov\u00e1 pumpa umo\u017e\u0148uje r\u00fdchle, \u010dist\u00e9 a bezpe\u010dn\u00e9 prelievanie tekut\u00edn bez \u0165a\u017ek\u00e9ho zdv\u00edhania. Funguje na bat\u00e9rie a \u013eahko sa pou\u017e\u00edva jednou rukou, \u010do ju rob\u00ed ide\u00e1lnou pre palivo, vodu a in\u00e9 tekutiny. Je perfektn\u00e1 pre dom\u00e1ce, profesion\u00e1lne a n\u00fadzov\u00e9 pou\u017eitie.<\/p>\n","protected":false},"featured_media":20311,"comment_status":"closed","ping_status":"closed","template":"","meta":{"inline_featured_image":false},"product_brand":[],"product_cat":[15,25,27,24,35],"product_tag":[],"class_list":{"0":"post-20310","1":"product","2":"type-product","3":"status-publish","4":"has-post-thumbnail","6":"product_cat-uncategorized","7":"product_cat-car","8":"product_cat-home","9":"product_cat-sale","10":"product_cat-fun","12":"first","13":"instock","14":"sale","15":"taxable","16":"shipping-taxable","17":"purchasable","18":"product-type-simple"},"acf":[],"_links":{"self":[{"href":"https:\/\/scroll-zone.com\/sk\/wp-json\/wp\/v2\/product\/20310","targetHints":{"allow":["GET"]}}],"collection":[{"href":"https:\/\/scroll-zone.com\/sk\/wp-json\/wp\/v2\/product"}],"about":[{"href":"https:\/\/scroll-zone.com\/sk\/wp-json\/wp\/v2\/types\/product"}],"replies":[{"embeddable":true,"href":"https:\/\/scroll-zone.com\/sk\/wp-json\/wp\/v2\/comments?post=20310"}],"wp:featuredmedia":[{"embeddable":true,"href":"https:\/\/scroll-zone.com\/sk\/wp-json\/wp\/v2\/media\/20311"}],"wp:attachment":[{"href":"https:\/\/scroll-zone.com\/sk\/wp-json\/wp\/v2\/media?parent=20310"}],"wp:term":[{"taxonomy":"product_brand","embeddable":true,"href":"https:\/\/scroll-zone.com\/sk\/wp-json\/wp\/v2\/product_brand?post=20310"},{"taxonomy":"product_cat","embeddable":true,"href":"https:\/\/scroll-zone.com\/sk\/wp-json\/wp\/v2\/product_cat?post=20310"},{"taxonomy":"product_tag","embeddable":true,"href":"https:\/\/scroll-zone.com\/sk\/wp-json\/wp\/v2\/product_tag?post=20310"}],"curies":[{"name":"wp","href":"https:\/\/api.w.org\/{rel}","templated":true}]}}