{"id":20278,"date":"2026-01-29T22:37:52","date_gmt":"2026-01-29T21:37:52","guid":{"rendered":"https:\/\/scroll-zone.com\/sk\/produkt\/edubok1-product\/"},"modified":"2026-04-29T10:33:16","modified_gmt":"2026-04-29T08:33:16","slug":"zvukova-kniha-pre-jednoduche-ucenie-anglictiny","status":"publish","type":"product","link":"https:\/\/scroll-zone.com\/sk\/produkt\/zvukova-kniha-pre-jednoduche-ucenie-anglictiny\/","title":{"rendered":"Zvukov\u00e1 kniha pre jednoduch\u00e9 u\u010denie angli\u010dtiny"},"content":{"rendered":"","protected":false},"excerpt":{"rendered":"<p>Interakt\u00edvna zvukov\u00e1 kniha pom\u00e1ha de\u0165om nau\u010di\u0165 sa viac ako 470 slov v anglickom jazyku prostredn\u00edctvom dotyku, po\u010d\u00favania a hry. Cez 21 tematick\u00fdch celkov, kv\u00edzy a z\u00e1bavn\u00e9 pesni\u010dky, die\u0165a sa u\u010d\u00ed spr\u00e1vnu v\u00fdslovnos\u0165 a buduje si sebavedomie bez obrazovky. Ide\u00e1lna je pre vek od 1 do 6 rokov, doma, v \u0161k\u00f4lke alebo na cest\u00e1ch.<\/p>\n","protected":false},"featured_media":20279,"comment_status":"closed","ping_status":"closed","template":"","meta":{"inline_featured_image":false},"product_brand":[],"product_cat":[15,27,35],"product_tag":[],"class_list":{"0":"post-20278","1":"product","2":"type-product","3":"status-publish","4":"has-post-thumbnail","6":"product_cat-uncategorized","7":"product_cat-home","8":"product_cat-fun","10":"first","11":"instock","12":"sale","13":"taxable","14":"shipping-taxable","15":"purchasable","16":"product-type-simple"},"acf":[],"_links":{"self":[{"href":"https:\/\/scroll-zone.com\/sk\/wp-json\/wp\/v2\/product\/20278","targetHints":{"allow":["GET"]}}],"collection":[{"href":"https:\/\/scroll-zone.com\/sk\/wp-json\/wp\/v2\/product"}],"about":[{"href":"https:\/\/scroll-zone.com\/sk\/wp-json\/wp\/v2\/types\/product"}],"replies":[{"embeddable":true,"href":"https:\/\/scroll-zone.com\/sk\/wp-json\/wp\/v2\/comments?post=20278"}],"wp:featuredmedia":[{"embeddable":true,"href":"https:\/\/scroll-zone.com\/sk\/wp-json\/wp\/v2\/media\/20279"}],"wp:attachment":[{"href":"https:\/\/scroll-zone.com\/sk\/wp-json\/wp\/v2\/media?parent=20278"}],"wp:term":[{"taxonomy":"product_brand","embeddable":true,"href":"https:\/\/scroll-zone.com\/sk\/wp-json\/wp\/v2\/product_brand?post=20278"},{"taxonomy":"product_cat","embeddable":true,"href":"https:\/\/scroll-zone.com\/sk\/wp-json\/wp\/v2\/product_cat?post=20278"},{"taxonomy":"product_tag","embeddable":true,"href":"https:\/\/scroll-zone.com\/sk\/wp-json\/wp\/v2\/product_tag?post=20278"}],"curies":[{"name":"wp","href":"https:\/\/api.w.org\/{rel}","templated":true}]}}