{"id":20232,"date":"2026-01-28T11:35:15","date_gmt":"2026-01-28T10:35:15","guid":{"rendered":"https:\/\/scroll-zone.com\/sk\/produkt\/belts-product\/"},"modified":"2026-04-29T10:33:07","modified_gmt":"2026-04-29T08:33:07","slug":"dekorativny-kozeny-opasok","status":"publish","type":"product","link":"https:\/\/scroll-zone.com\/sk\/produkt\/dekorativny-kozeny-opasok\/","title":{"rendered":"Dekorat\u00edvny ko\u017een\u00fd opasok"},"content":{"rendered":"","protected":false},"excerpt":{"rendered":"<p>Dekorat\u00edvny ko\u017een\u00fd opasok je vyroben\u00fd z m\u00e4kkej a pru\u017enej syntetickej ko\u017ee, ktor\u00e1 sa prirodzene prisp\u00f4sobuje telu. Jeho jednoduch\u00fd, ale elegantn\u00fd dizajn diskr\u00e9tne zd\u00f4raz\u0148uje l\u00edniu postavy bez pocitu stiahnutia. Predstavuje modern\u00fd m\u00f3dny doplnok, ktor\u00fd sa \u013eahko hod\u00ed do r\u00f4znych odevn\u00fdch kombin\u00e1ci\u00ed.<\/p>\n","protected":false},"featured_media":20233,"comment_status":"closed","ping_status":"closed","template":"","meta":{"inline_featured_image":false},"product_brand":[],"product_cat":[15,27,35],"product_tag":[],"class_list":{"0":"post-20232","1":"product","2":"type-product","3":"status-publish","4":"has-post-thumbnail","6":"product_cat-uncategorized","7":"product_cat-home","8":"product_cat-fun","10":"first","11":"instock","12":"sale","13":"taxable","14":"shipping-taxable","15":"purchasable","16":"product-type-simple"},"acf":[],"_links":{"self":[{"href":"https:\/\/scroll-zone.com\/sk\/wp-json\/wp\/v2\/product\/20232","targetHints":{"allow":["GET"]}}],"collection":[{"href":"https:\/\/scroll-zone.com\/sk\/wp-json\/wp\/v2\/product"}],"about":[{"href":"https:\/\/scroll-zone.com\/sk\/wp-json\/wp\/v2\/types\/product"}],"replies":[{"embeddable":true,"href":"https:\/\/scroll-zone.com\/sk\/wp-json\/wp\/v2\/comments?post=20232"}],"wp:featuredmedia":[{"embeddable":true,"href":"https:\/\/scroll-zone.com\/sk\/wp-json\/wp\/v2\/media\/20233"}],"wp:attachment":[{"href":"https:\/\/scroll-zone.com\/sk\/wp-json\/wp\/v2\/media?parent=20232"}],"wp:term":[{"taxonomy":"product_brand","embeddable":true,"href":"https:\/\/scroll-zone.com\/sk\/wp-json\/wp\/v2\/product_brand?post=20232"},{"taxonomy":"product_cat","embeddable":true,"href":"https:\/\/scroll-zone.com\/sk\/wp-json\/wp\/v2\/product_cat?post=20232"},{"taxonomy":"product_tag","embeddable":true,"href":"https:\/\/scroll-zone.com\/sk\/wp-json\/wp\/v2\/product_tag?post=20232"}],"curies":[{"name":"wp","href":"https:\/\/api.w.org\/{rel}","templated":true}]}}