{"id":19996,"date":"2026-01-15T18:46:50","date_gmt":"2026-01-15T17:46:50","guid":{"rendered":"https:\/\/scroll-zone.com\/sk\/produkt\/bound-product\/"},"modified":"2026-04-18T11:49:12","modified_gmt":"2026-04-18T09:49:12","slug":"diskretny-set-na-upevnenie-pod-matrac","status":"publish","type":"product","link":"https:\/\/scroll-zone.com\/sk\/produkt\/diskretny-set-na-upevnenie-pod-matrac\/","title":{"rendered":"Diskr\u00e9tny set na upevnenie pod matrac"},"content":{"rendered":"","protected":false},"excerpt":{"rendered":"<p>Diskr\u00e9tny set ur\u010den\u00fd na stabiln\u00e9 a bezpe\u010dn\u00e9 upevnenie pod matracom.<br \/>\nNavrhnut\u00fd je na jednoduch\u00e9 umiestnenie bez trval\u00fdch zmien n\u00e1bytku.<br \/>\nPoskytuje stabilitu, pohodlie a prisp\u00f4sobivos\u0165 v s\u00fakromnom prostred\u00ed.<\/p>\n","protected":false},"featured_media":19997,"comment_status":"closed","ping_status":"closed","template":"","meta":{"inline_featured_image":false},"product_brand":[],"product_cat":[15,27,35],"product_tag":[],"class_list":{"0":"post-19996","1":"product","2":"type-product","3":"status-publish","4":"has-post-thumbnail","6":"product_cat-uncategorized","7":"product_cat-home","8":"product_cat-fun","10":"first","11":"instock","12":"sale","13":"taxable","14":"shipping-taxable","15":"purchasable","16":"product-type-simple"},"acf":[],"_links":{"self":[{"href":"https:\/\/scroll-zone.com\/sk\/wp-json\/wp\/v2\/product\/19996","targetHints":{"allow":["GET"]}}],"collection":[{"href":"https:\/\/scroll-zone.com\/sk\/wp-json\/wp\/v2\/product"}],"about":[{"href":"https:\/\/scroll-zone.com\/sk\/wp-json\/wp\/v2\/types\/product"}],"replies":[{"embeddable":true,"href":"https:\/\/scroll-zone.com\/sk\/wp-json\/wp\/v2\/comments?post=19996"}],"wp:featuredmedia":[{"embeddable":true,"href":"https:\/\/scroll-zone.com\/sk\/wp-json\/wp\/v2\/media\/19997"}],"wp:attachment":[{"href":"https:\/\/scroll-zone.com\/sk\/wp-json\/wp\/v2\/media?parent=19996"}],"wp:term":[{"taxonomy":"product_brand","embeddable":true,"href":"https:\/\/scroll-zone.com\/sk\/wp-json\/wp\/v2\/product_brand?post=19996"},{"taxonomy":"product_cat","embeddable":true,"href":"https:\/\/scroll-zone.com\/sk\/wp-json\/wp\/v2\/product_cat?post=19996"},{"taxonomy":"product_tag","embeddable":true,"href":"https:\/\/scroll-zone.com\/sk\/wp-json\/wp\/v2\/product_tag?post=19996"}],"curies":[{"name":"wp","href":"https:\/\/api.w.org\/{rel}","templated":true}]}}