{"id":19525,"date":"2025-12-25T18:19:20","date_gmt":"2025-12-25T17:19:20","guid":{"rendered":"https:\/\/scroll-zone.com\/sk\/produkt\/viby-product\/"},"modified":"2026-03-10T20:39:38","modified_gmt":"2026-03-10T19:39:38","slug":"cipkovane-nohavicky-pre-diskretne-potesenie","status":"publish","type":"product","link":"https:\/\/scroll-zone.com\/sk\/produkt\/cipkovane-nohavicky-pre-diskretne-potesenie\/","title":{"rendered":"\u010cipkovan\u00e9 nohavi\u010dky pre diskr\u00e9tne pote\u0161enie"},"content":{"rendered":"","protected":false},"excerpt":{"rendered":"<p>Diskr\u00e9tna spodn\u00e1 bielize\u0148, ktor\u00e1 sp\u00e1ja zvodn\u00fd dizajn a int\u00edmnu stimul\u00e1ciu.<br \/>\nPoskytuje personalizovan\u00fd p\u00f4\u017eitok kedyko\u013evek a kdeko\u013evek.<br \/>\nUSB nab\u00edjanie a tich\u00e1 prev\u00e1dzka umo\u017e\u0148uj\u00fa diskr\u00e9tne pou\u017eitie.<\/p>\n","protected":false},"featured_media":19526,"comment_status":"closed","ping_status":"closed","template":"","meta":{"inline_featured_image":false},"product_brand":[],"product_cat":[15,27,35],"product_tag":[],"class_list":{"0":"post-19525","1":"product","2":"type-product","3":"status-publish","4":"has-post-thumbnail","6":"product_cat-uncategorized","7":"product_cat-home","8":"product_cat-fun","10":"first","11":"instock","12":"sale","13":"taxable","14":"shipping-taxable","15":"purchasable","16":"product-type-simple"},"acf":[],"_links":{"self":[{"href":"https:\/\/scroll-zone.com\/sk\/wp-json\/wp\/v2\/product\/19525","targetHints":{"allow":["GET"]}}],"collection":[{"href":"https:\/\/scroll-zone.com\/sk\/wp-json\/wp\/v2\/product"}],"about":[{"href":"https:\/\/scroll-zone.com\/sk\/wp-json\/wp\/v2\/types\/product"}],"replies":[{"embeddable":true,"href":"https:\/\/scroll-zone.com\/sk\/wp-json\/wp\/v2\/comments?post=19525"}],"wp:featuredmedia":[{"embeddable":true,"href":"https:\/\/scroll-zone.com\/sk\/wp-json\/wp\/v2\/media\/19526"}],"wp:attachment":[{"href":"https:\/\/scroll-zone.com\/sk\/wp-json\/wp\/v2\/media?parent=19525"}],"wp:term":[{"taxonomy":"product_brand","embeddable":true,"href":"https:\/\/scroll-zone.com\/sk\/wp-json\/wp\/v2\/product_brand?post=19525"},{"taxonomy":"product_cat","embeddable":true,"href":"https:\/\/scroll-zone.com\/sk\/wp-json\/wp\/v2\/product_cat?post=19525"},{"taxonomy":"product_tag","embeddable":true,"href":"https:\/\/scroll-zone.com\/sk\/wp-json\/wp\/v2\/product_tag?post=19525"}],"curies":[{"name":"wp","href":"https:\/\/api.w.org\/{rel}","templated":true}]}}