{"id":19155,"date":"2025-12-10T10:10:46","date_gmt":"2025-12-10T09:10:46","guid":{"rendered":"https:\/\/scroll-zone.com\/sk\/produkt\/shave-glat2-product\/"},"modified":"2025-12-11T14:29:34","modified_gmt":"2025-12-11T13:29:34","slug":"holiaci-strojcek-na-hladke-holenie-smoothshave","status":"publish","type":"product","link":"https:\/\/scroll-zone.com\/sk\/produkt\/holiaci-strojcek-na-hladke-holenie-smoothshave\/","title":{"rendered":"Holiaci stroj\u010dek na hladk\u00e9 holenie \u2013 SmoothShave"},"content":{"rendered":"","protected":false},"excerpt":{"rendered":"<p>Modern\u00fd holiaci stroj\u010dek, ktor\u00fd umo\u017e\u0148uje dokonale hladk\u00e9 oholenie bez podr\u00e1\u017edenia.<br \/>\nV\u010faka bezpe\u010dnostnej technol\u00f3gii nedoch\u00e1dza k porezaniu ani \u0161krabancom.<br \/>\nOdoln\u00fd, ekonomick\u00fd a jednoduch\u00fd na ka\u017edodenn\u00e9 pou\u017eitie.<\/p>\n","protected":false},"featured_media":19156,"comment_status":"closed","ping_status":"closed","template":"","meta":{"inline_featured_image":false},"product_brand":[],"product_cat":[15,28,35],"product_tag":[],"class_list":{"0":"post-19155","1":"product","2":"type-product","3":"status-publish","4":"has-post-thumbnail","6":"product_cat-uncategorized","7":"product_cat-beauty","8":"product_cat-fun","10":"first","11":"instock","12":"sale","13":"taxable","14":"shipping-taxable","15":"purchasable","16":"product-type-simple"},"acf":[],"_links":{"self":[{"href":"https:\/\/scroll-zone.com\/sk\/wp-json\/wp\/v2\/product\/19155","targetHints":{"allow":["GET"]}}],"collection":[{"href":"https:\/\/scroll-zone.com\/sk\/wp-json\/wp\/v2\/product"}],"about":[{"href":"https:\/\/scroll-zone.com\/sk\/wp-json\/wp\/v2\/types\/product"}],"replies":[{"embeddable":true,"href":"https:\/\/scroll-zone.com\/sk\/wp-json\/wp\/v2\/comments?post=19155"}],"wp:featuredmedia":[{"embeddable":true,"href":"https:\/\/scroll-zone.com\/sk\/wp-json\/wp\/v2\/media\/19156"}],"wp:attachment":[{"href":"https:\/\/scroll-zone.com\/sk\/wp-json\/wp\/v2\/media?parent=19155"}],"wp:term":[{"taxonomy":"product_brand","embeddable":true,"href":"https:\/\/scroll-zone.com\/sk\/wp-json\/wp\/v2\/product_brand?post=19155"},{"taxonomy":"product_cat","embeddable":true,"href":"https:\/\/scroll-zone.com\/sk\/wp-json\/wp\/v2\/product_cat?post=19155"},{"taxonomy":"product_tag","embeddable":true,"href":"https:\/\/scroll-zone.com\/sk\/wp-json\/wp\/v2\/product_tag?post=19155"}],"curies":[{"name":"wp","href":"https:\/\/api.w.org\/{rel}","templated":true}]}}