{"id":19131,"date":"2025-12-09T16:33:00","date_gmt":"2025-12-09T15:33:00","guid":{"rendered":"https:\/\/scroll-zone.com\/sk\/produkt\/blufly-product\/"},"modified":"2026-03-10T20:40:39","modified_gmt":"2026-03-10T19:40:39","slug":"nahrdelnik-magicky-motyl","status":"publish","type":"product","link":"https:\/\/scroll-zone.com\/sk\/produkt\/nahrdelnik-magicky-motyl\/","title":{"rendered":"N\u00e1hrdeln\u00edk Magick\u00fd mot\u00fd\u013e"},"content":{"rendered":"","protected":false},"excerpt":{"rendered":"<p>Elegantn\u00fd \u0161perk s modr\u00fdmi mot\u00fd\u013emi, ktor\u00e9 jemne svietia v tme.<br \/>\nPerfektn\u00fd doplnok na \u0161peci\u00e1lne pr\u00edle\u017eitosti alebo na ka\u017edodenn\u00e9 nosenie.<br \/>\nDod\u00e1va v\u00e1\u0161mu vzh\u013eadu n\u00e1dych m\u00e1gie a tajomstva.<\/p>\n","protected":false},"featured_media":19132,"comment_status":"closed","ping_status":"closed","template":"","meta":{"inline_featured_image":false},"product_brand":[],"product_cat":[15,28],"product_tag":[],"class_list":{"0":"post-19131","1":"product","2":"type-product","3":"status-publish","4":"has-post-thumbnail","6":"product_cat-uncategorized","7":"product_cat-beauty","9":"first","10":"instock","11":"sale","12":"taxable","13":"shipping-taxable","14":"purchasable","15":"product-type-simple"},"acf":[],"_links":{"self":[{"href":"https:\/\/scroll-zone.com\/sk\/wp-json\/wp\/v2\/product\/19131","targetHints":{"allow":["GET"]}}],"collection":[{"href":"https:\/\/scroll-zone.com\/sk\/wp-json\/wp\/v2\/product"}],"about":[{"href":"https:\/\/scroll-zone.com\/sk\/wp-json\/wp\/v2\/types\/product"}],"replies":[{"embeddable":true,"href":"https:\/\/scroll-zone.com\/sk\/wp-json\/wp\/v2\/comments?post=19131"}],"wp:featuredmedia":[{"embeddable":true,"href":"https:\/\/scroll-zone.com\/sk\/wp-json\/wp\/v2\/media\/19132"}],"wp:attachment":[{"href":"https:\/\/scroll-zone.com\/sk\/wp-json\/wp\/v2\/media?parent=19131"}],"wp:term":[{"taxonomy":"product_brand","embeddable":true,"href":"https:\/\/scroll-zone.com\/sk\/wp-json\/wp\/v2\/product_brand?post=19131"},{"taxonomy":"product_cat","embeddable":true,"href":"https:\/\/scroll-zone.com\/sk\/wp-json\/wp\/v2\/product_cat?post=19131"},{"taxonomy":"product_tag","embeddable":true,"href":"https:\/\/scroll-zone.com\/sk\/wp-json\/wp\/v2\/product_tag?post=19131"}],"curies":[{"name":"wp","href":"https:\/\/api.w.org\/{rel}","templated":true}]}}