{"id":18938,"date":"2025-11-29T22:24:51","date_gmt":"2025-11-29T21:24:51","guid":{"rendered":"https:\/\/scroll-zone.com\/sk\/?post_type=product&#038;p=18938"},"modified":"2025-11-29T22:44:48","modified_gmt":"2025-11-29T21:44:48","slug":"11-zadarmo-paska-na-individualny-trening-boxu","status":"publish","type":"product","link":"https:\/\/scroll-zone.com\/sk\/produkt\/11-zadarmo-paska-na-individualny-trening-boxu\/","title":{"rendered":"1+1 ZADARMO &#8211; P\u00e1ska na individu\u00e1lny tr\u00e9ning boxu"},"content":{"rendered":"","protected":false},"excerpt":{"rendered":"<p>Inovat\u00edvna p\u00e1ska na tr\u00e9ning boxu, ktor\u00e1 zlep\u0161uje r\u00fdchlos\u0165, silu a agilitu. Pom\u00e1ha pri posil\u0148ovan\u00ed k\u013e\u00fa\u010dov\u00fdch svalov a zabezpe\u010duje v\u00fdbu\u0161n\u00fd pohyb bez potreby \u010diniek.<\/p>\n","protected":false},"featured_media":16417,"comment_status":"closed","ping_status":"closed","template":"","meta":{"inline_featured_image":false},"product_brand":[],"product_cat":[15,27,35,26],"product_tag":[],"class_list":{"0":"post-18938","1":"product","2":"type-product","3":"status-publish","4":"has-post-thumbnail","6":"product_cat-uncategorized","7":"product_cat-home","8":"product_cat-fun","9":"product_cat-health","11":"first","12":"instock","13":"sale","14":"taxable","15":"shipping-taxable","16":"purchasable","17":"product-type-simple"},"acf":[],"_links":{"self":[{"href":"https:\/\/scroll-zone.com\/sk\/wp-json\/wp\/v2\/product\/18938","targetHints":{"allow":["GET"]}}],"collection":[{"href":"https:\/\/scroll-zone.com\/sk\/wp-json\/wp\/v2\/product"}],"about":[{"href":"https:\/\/scroll-zone.com\/sk\/wp-json\/wp\/v2\/types\/product"}],"replies":[{"embeddable":true,"href":"https:\/\/scroll-zone.com\/sk\/wp-json\/wp\/v2\/comments?post=18938"}],"wp:featuredmedia":[{"embeddable":true,"href":"https:\/\/scroll-zone.com\/sk\/wp-json\/wp\/v2\/media\/16417"}],"wp:attachment":[{"href":"https:\/\/scroll-zone.com\/sk\/wp-json\/wp\/v2\/media?parent=18938"}],"wp:term":[{"taxonomy":"product_brand","embeddable":true,"href":"https:\/\/scroll-zone.com\/sk\/wp-json\/wp\/v2\/product_brand?post=18938"},{"taxonomy":"product_cat","embeddable":true,"href":"https:\/\/scroll-zone.com\/sk\/wp-json\/wp\/v2\/product_cat?post=18938"},{"taxonomy":"product_tag","embeddable":true,"href":"https:\/\/scroll-zone.com\/sk\/wp-json\/wp\/v2\/product_tag?post=18938"}],"curies":[{"name":"wp","href":"https:\/\/api.w.org\/{rel}","templated":true}]}}