{"id":18690,"date":"2025-11-18T07:45:04","date_gmt":"2025-11-18T06:45:04","guid":{"rendered":"https:\/\/scroll-zone.com\/sk\/produkt\/puppy1-product\/"},"modified":"2026-04-23T03:10:06","modified_gmt":"2026-04-23T01:10:06","slug":"plysovy-pes-robot-2","status":"publish","type":"product","link":"https:\/\/scroll-zone.com\/sk\/produkt\/plysovy-pes-robot-2\/","title":{"rendered":"Ply\u0161ov\u00fd pes robot"},"content":{"rendered":"","protected":false},"excerpt":{"rendered":"<p>Tento roztomil\u00fd ply\u0161ov\u00fd pes robot prin\u00e1\u0161a rados\u0165, teplo a \u00fasmev ka\u017ed\u00e9mu die\u0165a\u0165u.<br \/>\nJe dokonal\u00fdm spolo\u010dn\u00edkom na hranie, maznanie a pokojn\u00fd sp\u00e1nok &#8211; presne ako skuto\u010dn\u00fd dom\u00e1ci mil\u00e1\u010dik.<br \/>\nVyroben\u00fd z m\u00e4kkej a bezpe\u010dnej tkaniny, s interakt\u00edvnymi funkciami, ktor\u00e9 o\u017eivuj\u00fa hru a vytv\u00e1raj\u00fa nezabudnute\u013en\u00e9 chv\u00edle.<\/p>\n","protected":false},"featured_media":18176,"comment_status":"closed","ping_status":"closed","template":"","meta":{"inline_featured_image":false},"product_brand":[],"product_cat":[15,27,24,35],"product_tag":[],"class_list":{"0":"post-18690","1":"product","2":"type-product","3":"status-publish","4":"has-post-thumbnail","6":"product_cat-uncategorized","7":"product_cat-home","8":"product_cat-sale","9":"product_cat-fun","11":"first","12":"instock","13":"sale","14":"taxable","15":"shipping-taxable","16":"purchasable","17":"product-type-simple"},"acf":[],"_links":{"self":[{"href":"https:\/\/scroll-zone.com\/sk\/wp-json\/wp\/v2\/product\/18690","targetHints":{"allow":["GET"]}}],"collection":[{"href":"https:\/\/scroll-zone.com\/sk\/wp-json\/wp\/v2\/product"}],"about":[{"href":"https:\/\/scroll-zone.com\/sk\/wp-json\/wp\/v2\/types\/product"}],"replies":[{"embeddable":true,"href":"https:\/\/scroll-zone.com\/sk\/wp-json\/wp\/v2\/comments?post=18690"}],"wp:featuredmedia":[{"embeddable":true,"href":"https:\/\/scroll-zone.com\/sk\/wp-json\/wp\/v2\/media\/18176"}],"wp:attachment":[{"href":"https:\/\/scroll-zone.com\/sk\/wp-json\/wp\/v2\/media?parent=18690"}],"wp:term":[{"taxonomy":"product_brand","embeddable":true,"href":"https:\/\/scroll-zone.com\/sk\/wp-json\/wp\/v2\/product_brand?post=18690"},{"taxonomy":"product_cat","embeddable":true,"href":"https:\/\/scroll-zone.com\/sk\/wp-json\/wp\/v2\/product_cat?post=18690"},{"taxonomy":"product_tag","embeddable":true,"href":"https:\/\/scroll-zone.com\/sk\/wp-json\/wp\/v2\/product_tag?post=18690"}],"curies":[{"name":"wp","href":"https:\/\/api.w.org\/{rel}","templated":true}]}}