{"id":17727,"date":"2025-09-05T10:00:07","date_gmt":"2025-09-05T08:00:07","guid":{"rendered":"https:\/\/scroll-zone.com\/sk\/?post_type=product&#038;p=17727"},"modified":"2026-03-10T20:46:32","modified_gmt":"2026-03-10T19:46:32","slug":"emocionalna-plysova-hracka-kuschelkoala","status":"publish","type":"product","link":"https:\/\/scroll-zone.com\/sk\/produkt\/emocionalna-plysova-hracka-kuschelkoala\/","title":{"rendered":"Emocion\u00e1lna ply\u0161ov\u00e1 hra\u010dka &#8211; KuschelKoala"},"content":{"rendered":"","protected":false},"excerpt":{"rendered":"<p data-start=\"153\" data-end=\"513\">KuschelKoala je viac ne\u017e len oby\u010dajn\u00e1 ply\u0161ov\u00e1 hra\u010dka \u2013 je to mal\u00fd emocion\u00e1lny spolo\u010dn\u00edk. Jej m\u00e4kk\u00e1 a pr\u00edjemn\u00e1 text\u00fara poskytuje pocit bezpe\u010dia, upokojuje stres a osamelos\u0165 a podporuje uvo\u013e\u0148ovanie horm\u00f3nu \u0161\u0165astia \u2013 oxytoc\u00ednu. Ide\u00e1lna pre deti aj dospel\u00fdch, doma, na cest\u00e1ch alebo ako st\u00e1ly zdroj \u00fatechy.<\/p>\n<p data-start=\"515\" data-end=\"719\">\n","protected":false},"featured_media":17729,"comment_status":"closed","ping_status":"closed","template":"","meta":{"inline_featured_image":false},"product_brand":[],"product_cat":[15,25,27,35],"product_tag":[],"class_list":{"0":"post-17727","1":"product","2":"type-product","3":"status-publish","4":"has-post-thumbnail","6":"product_cat-uncategorized","7":"product_cat-car","8":"product_cat-home","9":"product_cat-fun","11":"first","12":"instock","13":"sale","14":"taxable","15":"shipping-taxable","16":"purchasable","17":"product-type-simple"},"acf":[],"_links":{"self":[{"href":"https:\/\/scroll-zone.com\/sk\/wp-json\/wp\/v2\/product\/17727","targetHints":{"allow":["GET"]}}],"collection":[{"href":"https:\/\/scroll-zone.com\/sk\/wp-json\/wp\/v2\/product"}],"about":[{"href":"https:\/\/scroll-zone.com\/sk\/wp-json\/wp\/v2\/types\/product"}],"replies":[{"embeddable":true,"href":"https:\/\/scroll-zone.com\/sk\/wp-json\/wp\/v2\/comments?post=17727"}],"wp:featuredmedia":[{"embeddable":true,"href":"https:\/\/scroll-zone.com\/sk\/wp-json\/wp\/v2\/media\/17729"}],"wp:attachment":[{"href":"https:\/\/scroll-zone.com\/sk\/wp-json\/wp\/v2\/media?parent=17727"}],"wp:term":[{"taxonomy":"product_brand","embeddable":true,"href":"https:\/\/scroll-zone.com\/sk\/wp-json\/wp\/v2\/product_brand?post=17727"},{"taxonomy":"product_cat","embeddable":true,"href":"https:\/\/scroll-zone.com\/sk\/wp-json\/wp\/v2\/product_cat?post=17727"},{"taxonomy":"product_tag","embeddable":true,"href":"https:\/\/scroll-zone.com\/sk\/wp-json\/wp\/v2\/product_tag?post=17727"}],"curies":[{"name":"wp","href":"https:\/\/api.w.org\/{rel}","templated":true}]}}