{"id":17613,"date":"2025-08-26T21:23:15","date_gmt":"2025-08-26T19:23:15","guid":{"rendered":"https:\/\/scroll-zone.com\/sk\/?post_type=product&#038;p=17613"},"modified":"2025-09-18T11:58:49","modified_gmt":"2025-09-18T09:58:49","slug":"mini-stroj-na-zatvaranie-vreciek","status":"publish","type":"product","link":"https:\/\/scroll-zone.com\/sk\/produkt\/mini-stroj-na-zatvaranie-vreciek\/","title":{"rendered":"Mini stroj na zatv\u00e1ranie vreciek"},"content":{"rendered":"","protected":false},"excerpt":{"rendered":"<p>Povedzte zbohom vyprchan\u00fdm pochutin\u00e1m a vysypan\u00e9mu jedlu! Praktick\u00fd mini stroj v\u00e1m umo\u017en\u00ed r\u00fdchlo a bezpe\u010dne uzavrie\u0165 vreck\u00e1 \u2013 a to len za p\u00e1r sek\u00fand. Jedlo zostane \u010derstv\u00e9, chutn\u00e9 a pripraven\u00e9 na konzum\u00e1ciu. Bez komplik\u00e1ci\u00ed \u2013 iba \u010dist\u00e1 a vo\u0148av\u00e1 kuchy\u0148a!<\/p>\n","protected":false},"featured_media":17618,"comment_status":"closed","ping_status":"closed","template":"","meta":{"inline_featured_image":false},"product_brand":[],"product_cat":[15,25,27,35],"product_tag":[],"class_list":{"0":"post-17613","1":"product","2":"type-product","3":"status-publish","4":"has-post-thumbnail","6":"product_cat-uncategorized","7":"product_cat-car","8":"product_cat-home","9":"product_cat-fun","11":"first","12":"instock","13":"sale","14":"taxable","15":"shipping-taxable","16":"purchasable","17":"product-type-simple"},"acf":[],"_links":{"self":[{"href":"https:\/\/scroll-zone.com\/sk\/wp-json\/wp\/v2\/product\/17613","targetHints":{"allow":["GET"]}}],"collection":[{"href":"https:\/\/scroll-zone.com\/sk\/wp-json\/wp\/v2\/product"}],"about":[{"href":"https:\/\/scroll-zone.com\/sk\/wp-json\/wp\/v2\/types\/product"}],"replies":[{"embeddable":true,"href":"https:\/\/scroll-zone.com\/sk\/wp-json\/wp\/v2\/comments?post=17613"}],"wp:featuredmedia":[{"embeddable":true,"href":"https:\/\/scroll-zone.com\/sk\/wp-json\/wp\/v2\/media\/17618"}],"wp:attachment":[{"href":"https:\/\/scroll-zone.com\/sk\/wp-json\/wp\/v2\/media?parent=17613"}],"wp:term":[{"taxonomy":"product_brand","embeddable":true,"href":"https:\/\/scroll-zone.com\/sk\/wp-json\/wp\/v2\/product_brand?post=17613"},{"taxonomy":"product_cat","embeddable":true,"href":"https:\/\/scroll-zone.com\/sk\/wp-json\/wp\/v2\/product_cat?post=17613"},{"taxonomy":"product_tag","embeddable":true,"href":"https:\/\/scroll-zone.com\/sk\/wp-json\/wp\/v2\/product_tag?post=17613"}],"curies":[{"name":"wp","href":"https:\/\/api.w.org\/{rel}","templated":true}]}}