{"id":17590,"date":"2025-08-19T13:15:39","date_gmt":"2025-08-19T11:15:39","guid":{"rendered":"https:\/\/scroll-zone.com\/sk\/?post_type=product&#038;p=17590"},"modified":"2025-08-21T12:06:55","modified_gmt":"2025-08-21T10:06:55","slug":"3d-nalepky-sady-na-relaxaciu","status":"publish","type":"product","link":"https:\/\/scroll-zone.com\/sk\/produkt\/3d-nalepky-sady-na-relaxaciu\/","title":{"rendered":"3D n\u00e1lepky \u2013 Sady na relax\u00e1ciu"},"content":{"rendered":"","protected":false},"excerpt":{"rendered":"<p>Ponorte sa do sveta kreativity a oddychu s 3D n\u00e1lepkami \u201eKapibara Svet\u201c.<br \/>\nBez stresu, bez komplik\u00e1ci\u00ed \u2013 len ty, n\u00e1lepky a tvoja fant\u00e1zia.<br \/>\nPerfektn\u00e9 pre v\u0161etky vekov\u00e9 kateg\u00f3rie, ktor\u00e9 sa chc\u00fa vyjadri\u0165 prostredn\u00edctvom hry a umenia.<\/p>\n<p>&nbsp;<\/p>\n","protected":false},"featured_media":17592,"comment_status":"open","ping_status":"closed","template":"","meta":{"inline_featured_image":false},"product_brand":[],"product_cat":[15,35],"product_tag":[],"class_list":{"0":"post-17590","1":"product","2":"type-product","3":"status-publish","4":"has-post-thumbnail","6":"product_cat-uncategorized","7":"product_cat-fun","9":"first","10":"instock","11":"sale","12":"taxable","13":"shipping-taxable","14":"purchasable","15":"product-type-simple"},"acf":[],"_links":{"self":[{"href":"https:\/\/scroll-zone.com\/sk\/wp-json\/wp\/v2\/product\/17590","targetHints":{"allow":["GET"]}}],"collection":[{"href":"https:\/\/scroll-zone.com\/sk\/wp-json\/wp\/v2\/product"}],"about":[{"href":"https:\/\/scroll-zone.com\/sk\/wp-json\/wp\/v2\/types\/product"}],"replies":[{"embeddable":true,"href":"https:\/\/scroll-zone.com\/sk\/wp-json\/wp\/v2\/comments?post=17590"}],"wp:featuredmedia":[{"embeddable":true,"href":"https:\/\/scroll-zone.com\/sk\/wp-json\/wp\/v2\/media\/17592"}],"wp:attachment":[{"href":"https:\/\/scroll-zone.com\/sk\/wp-json\/wp\/v2\/media?parent=17590"}],"wp:term":[{"taxonomy":"product_brand","embeddable":true,"href":"https:\/\/scroll-zone.com\/sk\/wp-json\/wp\/v2\/product_brand?post=17590"},{"taxonomy":"product_cat","embeddable":true,"href":"https:\/\/scroll-zone.com\/sk\/wp-json\/wp\/v2\/product_cat?post=17590"},{"taxonomy":"product_tag","embeddable":true,"href":"https:\/\/scroll-zone.com\/sk\/wp-json\/wp\/v2\/product_tag?post=17590"}],"curies":[{"name":"wp","href":"https:\/\/api.w.org\/{rel}","templated":true}]}}