{"id":17327,"date":"2025-07-16T18:43:07","date_gmt":"2025-07-16T16:43:07","guid":{"rendered":"https:\/\/scroll-zone.com\/sk\/produkt\/mmazevo-product\/"},"modified":"2025-07-20T03:27:07","modified_gmt":"2025-07-20T01:27:07","slug":"montessori-magneticky-labyrint","status":"publish","type":"product","link":"https:\/\/scroll-zone.com\/sk\/produkt\/montessori-magneticky-labyrint\/","title":{"rendered":"Montessori magnetick\u00fd labyrint"},"content":{"rendered":"","protected":false},"excerpt":{"rendered":"<p>Inteligentn\u00e1 hra\u010dka, ktor\u00e1 rozv\u00edja pozornos\u0165, logiku a motoriku.<br \/>\nBez hluku, obrazoviek a bat\u00e9ri\u00ed \u2013 len \u010dist\u00e1 a u\u017eito\u010dn\u00e1 z\u00e1bava.<br \/>\nPerfektn\u00e1 na hranie doma, na cest\u00e1ch alebo v tichu pred span\u00edm.<\/p>\n","protected":false},"featured_media":17335,"comment_status":"closed","ping_status":"closed","template":"","meta":{"inline_featured_image":false},"product_brand":[],"product_cat":[15,27,24,35],"product_tag":[],"class_list":{"0":"post-17327","1":"product","2":"type-product","3":"status-publish","4":"has-post-thumbnail","6":"product_cat-uncategorized","7":"product_cat-home","8":"product_cat-sale","9":"product_cat-fun","11":"first","12":"instock","13":"sale","14":"taxable","15":"shipping-taxable","16":"purchasable","17":"product-type-simple"},"acf":[],"_links":{"self":[{"href":"https:\/\/scroll-zone.com\/sk\/wp-json\/wp\/v2\/product\/17327","targetHints":{"allow":["GET"]}}],"collection":[{"href":"https:\/\/scroll-zone.com\/sk\/wp-json\/wp\/v2\/product"}],"about":[{"href":"https:\/\/scroll-zone.com\/sk\/wp-json\/wp\/v2\/types\/product"}],"replies":[{"embeddable":true,"href":"https:\/\/scroll-zone.com\/sk\/wp-json\/wp\/v2\/comments?post=17327"}],"wp:featuredmedia":[{"embeddable":true,"href":"https:\/\/scroll-zone.com\/sk\/wp-json\/wp\/v2\/media\/17335"}],"wp:attachment":[{"href":"https:\/\/scroll-zone.com\/sk\/wp-json\/wp\/v2\/media?parent=17327"}],"wp:term":[{"taxonomy":"product_brand","embeddable":true,"href":"https:\/\/scroll-zone.com\/sk\/wp-json\/wp\/v2\/product_brand?post=17327"},{"taxonomy":"product_cat","embeddable":true,"href":"https:\/\/scroll-zone.com\/sk\/wp-json\/wp\/v2\/product_cat?post=17327"},{"taxonomy":"product_tag","embeddable":true,"href":"https:\/\/scroll-zone.com\/sk\/wp-json\/wp\/v2\/product_tag?post=17327"}],"curies":[{"name":"wp","href":"https:\/\/api.w.org\/{rel}","templated":true}]}}