{"id":16939,"date":"2025-06-17T21:11:54","date_gmt":"2025-06-17T19:11:54","guid":{"rendered":"https:\/\/scroll-zone.com\/sk\/produkt\/sdwvo-product\/"},"modified":"2026-03-10T20:48:26","modified_gmt":"2026-03-10T19:48:26","slug":"automaticka-uv-markiza","status":"publish","type":"product","link":"https:\/\/scroll-zone.com\/sk\/produkt\/automaticka-uv-markiza\/","title":{"rendered":"Automatick\u00e1 UV mark\u00edza"},"content":{"rendered":"","protected":false},"excerpt":{"rendered":"<p>Chr\u00e1\u0148te interi\u00e9r svojho auta pred slnkom a teplom pomocou automatickej skladacej mark\u00edzy na \u010deln\u00e9 sklo. R\u00fdchlo sa montuje a zas\u00fava jedn\u00fdm \u0165ahom, nenaru\u0161uje vzh\u013ead auta a \u0161etr\u00ed energiu.<\/p>\n","protected":false},"featured_media":16951,"comment_status":"closed","ping_status":"closed","template":"","meta":{"inline_featured_image":false},"product_brand":[],"product_cat":[15,25,27,35],"product_tag":[],"class_list":{"0":"post-16939","1":"product","2":"type-product","3":"status-publish","4":"has-post-thumbnail","6":"product_cat-uncategorized","7":"product_cat-car","8":"product_cat-home","9":"product_cat-fun","11":"first","12":"instock","13":"sale","14":"taxable","15":"shipping-taxable","16":"purchasable","17":"product-type-simple"},"acf":[],"_links":{"self":[{"href":"https:\/\/scroll-zone.com\/sk\/wp-json\/wp\/v2\/product\/16939","targetHints":{"allow":["GET"]}}],"collection":[{"href":"https:\/\/scroll-zone.com\/sk\/wp-json\/wp\/v2\/product"}],"about":[{"href":"https:\/\/scroll-zone.com\/sk\/wp-json\/wp\/v2\/types\/product"}],"replies":[{"embeddable":true,"href":"https:\/\/scroll-zone.com\/sk\/wp-json\/wp\/v2\/comments?post=16939"}],"wp:featuredmedia":[{"embeddable":true,"href":"https:\/\/scroll-zone.com\/sk\/wp-json\/wp\/v2\/media\/16951"}],"wp:attachment":[{"href":"https:\/\/scroll-zone.com\/sk\/wp-json\/wp\/v2\/media?parent=16939"}],"wp:term":[{"taxonomy":"product_brand","embeddable":true,"href":"https:\/\/scroll-zone.com\/sk\/wp-json\/wp\/v2\/product_brand?post=16939"},{"taxonomy":"product_cat","embeddable":true,"href":"https:\/\/scroll-zone.com\/sk\/wp-json\/wp\/v2\/product_cat?post=16939"},{"taxonomy":"product_tag","embeddable":true,"href":"https:\/\/scroll-zone.com\/sk\/wp-json\/wp\/v2\/product_tag?post=16939"}],"curies":[{"name":"wp","href":"https:\/\/api.w.org\/{rel}","templated":true}]}}