{"id":16730,"date":"2025-06-05T13:04:06","date_gmt":"2025-06-05T11:04:06","guid":{"rendered":"https:\/\/scroll-zone.com\/sk\/produkt\/stormtoolvo-product\/"},"modified":"2026-03-10T20:48:53","modified_gmt":"2026-03-10T19:48:53","slug":"profesionalne-cistenie-vozidiel-max-pro-2","status":"publish","type":"product","link":"https:\/\/scroll-zone.com\/sk\/produkt\/profesionalne-cistenie-vozidiel-max-pro-2\/","title":{"rendered":"Profesion\u00e1lne \u010distenie vozidiel-Max Pro"},"content":{"rendered":"","protected":false},"excerpt":{"rendered":"<p>U\u017eite si \u0161pi\u010dkov\u00e9 \u010distenie vozidla s v\u00fdkonn\u00fdm zariaden\u00edm Max Pro. So siln\u00fdm motorom, jednoduchou manipul\u00e1ciou a r\u00fdchlou bat\u00e9riou sa ka\u017ed\u00e9 \u010distenie st\u00e1va jednoduch\u00fdm a efekt\u00edvnym. Ide\u00e1lny je pre v\u0161etky povrchy \u2013 interi\u00e9r, exteri\u00e9r a \u0165a\u017eko dostupn\u00e9 miesta.<\/p>\n","protected":false},"featured_media":16760,"comment_status":"closed","ping_status":"closed","template":"","meta":{"inline_featured_image":false},"product_brand":[],"product_cat":[15,25,27,35],"product_tag":[],"class_list":{"0":"post-16730","1":"product","2":"type-product","3":"status-publish","4":"has-post-thumbnail","6":"product_cat-uncategorized","7":"product_cat-car","8":"product_cat-home","9":"product_cat-fun","11":"first","12":"instock","13":"sale","14":"taxable","15":"shipping-taxable","16":"purchasable","17":"product-type-simple"},"acf":[],"_links":{"self":[{"href":"https:\/\/scroll-zone.com\/sk\/wp-json\/wp\/v2\/product\/16730","targetHints":{"allow":["GET"]}}],"collection":[{"href":"https:\/\/scroll-zone.com\/sk\/wp-json\/wp\/v2\/product"}],"about":[{"href":"https:\/\/scroll-zone.com\/sk\/wp-json\/wp\/v2\/types\/product"}],"replies":[{"embeddable":true,"href":"https:\/\/scroll-zone.com\/sk\/wp-json\/wp\/v2\/comments?post=16730"}],"wp:featuredmedia":[{"embeddable":true,"href":"https:\/\/scroll-zone.com\/sk\/wp-json\/wp\/v2\/media\/16760"}],"wp:attachment":[{"href":"https:\/\/scroll-zone.com\/sk\/wp-json\/wp\/v2\/media?parent=16730"}],"wp:term":[{"taxonomy":"product_brand","embeddable":true,"href":"https:\/\/scroll-zone.com\/sk\/wp-json\/wp\/v2\/product_brand?post=16730"},{"taxonomy":"product_cat","embeddable":true,"href":"https:\/\/scroll-zone.com\/sk\/wp-json\/wp\/v2\/product_cat?post=16730"},{"taxonomy":"product_tag","embeddable":true,"href":"https:\/\/scroll-zone.com\/sk\/wp-json\/wp\/v2\/product_tag?post=16730"}],"curies":[{"name":"wp","href":"https:\/\/api.w.org\/{rel}","templated":true}]}}