{"id":16728,"date":"2025-06-05T12:55:46","date_gmt":"2025-06-05T10:55:46","guid":{"rendered":"https:\/\/scroll-zone.com\/sk\/produkt\/garagedisplayvo-product\/"},"modified":"2025-06-26T12:19:27","modified_gmt":"2025-06-26T10:19:27","slug":"luxusna-garaz-pre-zberatelske-modely-aut-2","status":"publish","type":"product","link":"https:\/\/scroll-zone.com\/sk\/produkt\/luxusna-garaz-pre-zberatelske-modely-aut-2\/","title":{"rendered":"Luxusn\u00e1 gar\u00e1\u017e pre zberate\u013esk\u00e9 modely \u00e1ut"},"content":{"rendered":"","protected":false},"excerpt":{"rendered":"<p data-start=\"2803\" data-end=\"3157\">T\u00e1to luxusn\u00e1 mini gar\u00e1\u017e predstavuje ide\u00e1lne rie\u0161enie pre vystavenie va\u0161ich zberate\u013esk\u00fdch modelov automobilov. So \u0161t\u00fdlov\u00fdm LED osvetlen\u00edm a modern\u00fdm dizajnom pon\u00faka elegantn\u00fd priestor pre jeden model. M\u00f4\u017eete si objedna\u0165 viac gar\u00e1\u017e\u00ed a vytvori\u0165 tak v\u00e4\u010d\u0161iu zbierku. Je vyroben\u00e1 z vysokokvalitn\u00fdch materi\u00e1lov, \u010do zaru\u010duje odolnos\u0165 a bezpe\u010dnos\u0165 va\u0161ej kolekcie.<\/p>\n","protected":false},"featured_media":16736,"comment_status":"closed","ping_status":"closed","template":"","meta":{"inline_featured_image":false},"product_brand":[],"product_cat":[15,25,27,35],"product_tag":[],"class_list":{"0":"post-16728","1":"product","2":"type-product","3":"status-publish","4":"has-post-thumbnail","6":"product_cat-uncategorized","7":"product_cat-car","8":"product_cat-home","9":"product_cat-fun","11":"first","12":"instock","13":"sale","14":"taxable","15":"shipping-taxable","16":"purchasable","17":"product-type-simple"},"acf":[],"_links":{"self":[{"href":"https:\/\/scroll-zone.com\/sk\/wp-json\/wp\/v2\/product\/16728","targetHints":{"allow":["GET"]}}],"collection":[{"href":"https:\/\/scroll-zone.com\/sk\/wp-json\/wp\/v2\/product"}],"about":[{"href":"https:\/\/scroll-zone.com\/sk\/wp-json\/wp\/v2\/types\/product"}],"replies":[{"embeddable":true,"href":"https:\/\/scroll-zone.com\/sk\/wp-json\/wp\/v2\/comments?post=16728"}],"wp:featuredmedia":[{"embeddable":true,"href":"https:\/\/scroll-zone.com\/sk\/wp-json\/wp\/v2\/media\/16736"}],"wp:attachment":[{"href":"https:\/\/scroll-zone.com\/sk\/wp-json\/wp\/v2\/media?parent=16728"}],"wp:term":[{"taxonomy":"product_brand","embeddable":true,"href":"https:\/\/scroll-zone.com\/sk\/wp-json\/wp\/v2\/product_brand?post=16728"},{"taxonomy":"product_cat","embeddable":true,"href":"https:\/\/scroll-zone.com\/sk\/wp-json\/wp\/v2\/product_cat?post=16728"},{"taxonomy":"product_tag","embeddable":true,"href":"https:\/\/scroll-zone.com\/sk\/wp-json\/wp\/v2\/product_tag?post=16728"}],"curies":[{"name":"wp","href":"https:\/\/api.w.org\/{rel}","templated":true}]}}