{"id":16702,"date":"2025-06-02T15:55:33","date_gmt":"2025-06-02T13:55:33","guid":{"rendered":"https:\/\/scroll-zone.com\/sk\/produkt\/invisispray-product\/"},"modified":"2026-03-10T20:49:10","modified_gmt":"2026-03-10T19:49:10","slug":"neviditelny-sprej-na-poznavacie-znacky","status":"publish","type":"product","link":"https:\/\/scroll-zone.com\/sk\/produkt\/neviditelny-sprej-na-poznavacie-znacky\/","title":{"rendered":"Nevidite\u013en\u00fd sprej na pozn\u00e1vacie zna\u010dky"},"content":{"rendered":"","protected":false},"excerpt":{"rendered":"<p>Tento japonsk\u00fd nevidite\u013en\u00fd sprej poskytuje okam\u017eit\u00e9 v\u00fdsledky, zabezpe\u010duj\u00fac v\u00e1m \u00fapln\u00e9 s\u00fakromie po\u010das jazdy. Jednoducho nastriekajte na pozn\u00e1vaciu zna\u010dku a umo\u017enite si maxim\u00e1lnu ochranu pred sledovac\u00edmi syst\u00e9mami. S touto inovat\u00edvnou technol\u00f3giou blokovania fotografi\u00ed je va\u0161a anonymita na prvom mieste.<\/p>\n","protected":false},"featured_media":16704,"comment_status":"closed","ping_status":"closed","template":"","meta":{"inline_featured_image":false},"product_brand":[],"product_cat":[15,27,24],"product_tag":[],"class_list":{"0":"post-16702","1":"product","2":"type-product","3":"status-publish","4":"has-post-thumbnail","6":"product_cat-uncategorized","7":"product_cat-home","8":"product_cat-sale","10":"first","11":"instock","12":"sale","13":"taxable","14":"shipping-taxable","15":"purchasable","16":"product-type-simple"},"acf":[],"_links":{"self":[{"href":"https:\/\/scroll-zone.com\/sk\/wp-json\/wp\/v2\/product\/16702","targetHints":{"allow":["GET"]}}],"collection":[{"href":"https:\/\/scroll-zone.com\/sk\/wp-json\/wp\/v2\/product"}],"about":[{"href":"https:\/\/scroll-zone.com\/sk\/wp-json\/wp\/v2\/types\/product"}],"replies":[{"embeddable":true,"href":"https:\/\/scroll-zone.com\/sk\/wp-json\/wp\/v2\/comments?post=16702"}],"wp:featuredmedia":[{"embeddable":true,"href":"https:\/\/scroll-zone.com\/sk\/wp-json\/wp\/v2\/media\/16704"}],"wp:attachment":[{"href":"https:\/\/scroll-zone.com\/sk\/wp-json\/wp\/v2\/media?parent=16702"}],"wp:term":[{"taxonomy":"product_brand","embeddable":true,"href":"https:\/\/scroll-zone.com\/sk\/wp-json\/wp\/v2\/product_brand?post=16702"},{"taxonomy":"product_cat","embeddable":true,"href":"https:\/\/scroll-zone.com\/sk\/wp-json\/wp\/v2\/product_cat?post=16702"},{"taxonomy":"product_tag","embeddable":true,"href":"https:\/\/scroll-zone.com\/sk\/wp-json\/wp\/v2\/product_tag?post=16702"}],"curies":[{"name":"wp","href":"https:\/\/api.w.org\/{rel}","templated":true}]}}