{"id":16514,"date":"2025-05-15T05:00:49","date_gmt":"2025-05-15T03:00:49","guid":{"rendered":"https:\/\/scroll-zone.com\/sk\/produkt\/boxkids-product\/"},"modified":"2025-07-19T14:06:59","modified_gmt":"2025-07-19T12:06:59","slug":"boxerska-sada-pre-deti","status":"publish","type":"product","link":"https:\/\/scroll-zone.com\/sk\/produkt\/boxerska-sada-pre-deti\/","title":{"rendered":"Boxersk\u00e1 sada pre deti"},"content":{"rendered":"","protected":false},"excerpt":{"rendered":"<p>Z\u00e1bavn\u00fd a bezpe\u010dn\u00fd sp\u00f4sob, ako deti m\u00f4\u017eu vyu\u017ei\u0165 prebyto\u010dn\u00fa energiu, rozv\u00edja\u0165 kond\u00edciu a koordin\u00e1ciu! T\u00e1to sada podporuje l\u00e1sku k \u0161portu, pom\u00e1ha pri budovan\u00ed zdrav\u00fdch n\u00e1vykov a zni\u017eovan\u00ed stresu u det\u00ed. Kvalitn\u00e9 a bezpe\u010dn\u00e9 spracovanie zaru\u010duje dlhodob\u00e9 a bezpe\u010dn\u00e9 pou\u017e\u00edvanie.<\/p>\n","protected":false},"featured_media":16538,"comment_status":"closed","ping_status":"closed","template":"","meta":{"inline_featured_image":false},"product_brand":[],"product_cat":[15,27,35],"product_tag":[],"class_list":{"0":"post-16514","1":"product","2":"type-product","3":"status-publish","4":"has-post-thumbnail","6":"product_cat-uncategorized","7":"product_cat-home","8":"product_cat-fun","10":"first","11":"instock","12":"sale","13":"taxable","14":"shipping-taxable","15":"purchasable","16":"product-type-simple"},"acf":[],"_links":{"self":[{"href":"https:\/\/scroll-zone.com\/sk\/wp-json\/wp\/v2\/product\/16514","targetHints":{"allow":["GET"]}}],"collection":[{"href":"https:\/\/scroll-zone.com\/sk\/wp-json\/wp\/v2\/product"}],"about":[{"href":"https:\/\/scroll-zone.com\/sk\/wp-json\/wp\/v2\/types\/product"}],"replies":[{"embeddable":true,"href":"https:\/\/scroll-zone.com\/sk\/wp-json\/wp\/v2\/comments?post=16514"}],"wp:featuredmedia":[{"embeddable":true,"href":"https:\/\/scroll-zone.com\/sk\/wp-json\/wp\/v2\/media\/16538"}],"wp:attachment":[{"href":"https:\/\/scroll-zone.com\/sk\/wp-json\/wp\/v2\/media?parent=16514"}],"wp:term":[{"taxonomy":"product_brand","embeddable":true,"href":"https:\/\/scroll-zone.com\/sk\/wp-json\/wp\/v2\/product_brand?post=16514"},{"taxonomy":"product_cat","embeddable":true,"href":"https:\/\/scroll-zone.com\/sk\/wp-json\/wp\/v2\/product_cat?post=16514"},{"taxonomy":"product_tag","embeddable":true,"href":"https:\/\/scroll-zone.com\/sk\/wp-json\/wp\/v2\/product_tag?post=16514"}],"curies":[{"name":"wp","href":"https:\/\/api.w.org\/{rel}","templated":true}]}}