{"id":16473,"date":"2025-05-08T17:42:16","date_gmt":"2025-05-08T15:42:16","guid":{"rendered":"https:\/\/scroll-zone.com\/sk\/produkt\/autovariacija-product\/"},"modified":"2026-01-10T13:48:05","modified_gmt":"2026-01-10T12:48:05","slug":"detska-motokara-2-v-1-automobil","status":"publish","type":"product","link":"https:\/\/scroll-zone.com\/sk\/produkt\/detska-motokara-2-v-1-automobil\/","title":{"rendered":"Detsk\u00e1 motok\u00e1ra &#8211; 2 v 1 automobil"},"content":{"rendered":"","protected":false},"excerpt":{"rendered":"<p>Toto multifunk\u010dn\u00e9 detsk\u00e9 vozidlo umo\u017e\u0148uje dvojit\u00fa z\u00e1bavu \u2013 ru\u010dn\u00fa a elektrick\u00fa jazdu! Perfektn\u00e9 na hranie doma aj vonku, je \u013eahk\u00e9, skladacie a \u013eahko ovl\u00e1date\u013en\u00e9. Stabiln\u00e1 kon\u0161trukcia a bezpe\u010dnostn\u00e9 funkcie poskytuj\u00fa de\u0165om bezstarostn\u00fa a vzru\u0161uj\u00facu jazdu.<\/p>\n","protected":false},"featured_media":16483,"comment_status":"closed","ping_status":"closed","template":"","meta":{"inline_featured_image":false},"product_brand":[],"product_cat":[15,27,35],"product_tag":[],"class_list":{"0":"post-16473","1":"product","2":"type-product","3":"status-publish","4":"has-post-thumbnail","6":"product_cat-uncategorized","7":"product_cat-home","8":"product_cat-fun","10":"first","11":"instock","12":"sale","13":"taxable","14":"shipping-taxable","15":"purchasable","16":"product-type-variable"},"acf":[],"_links":{"self":[{"href":"https:\/\/scroll-zone.com\/sk\/wp-json\/wp\/v2\/product\/16473","targetHints":{"allow":["GET"]}}],"collection":[{"href":"https:\/\/scroll-zone.com\/sk\/wp-json\/wp\/v2\/product"}],"about":[{"href":"https:\/\/scroll-zone.com\/sk\/wp-json\/wp\/v2\/types\/product"}],"replies":[{"embeddable":true,"href":"https:\/\/scroll-zone.com\/sk\/wp-json\/wp\/v2\/comments?post=16473"}],"wp:featuredmedia":[{"embeddable":true,"href":"https:\/\/scroll-zone.com\/sk\/wp-json\/wp\/v2\/media\/16483"}],"wp:attachment":[{"href":"https:\/\/scroll-zone.com\/sk\/wp-json\/wp\/v2\/media?parent=16473"}],"wp:term":[{"taxonomy":"product_brand","embeddable":true,"href":"https:\/\/scroll-zone.com\/sk\/wp-json\/wp\/v2\/product_brand?post=16473"},{"taxonomy":"product_cat","embeddable":true,"href":"https:\/\/scroll-zone.com\/sk\/wp-json\/wp\/v2\/product_cat?post=16473"},{"taxonomy":"product_tag","embeddable":true,"href":"https:\/\/scroll-zone.com\/sk\/wp-json\/wp\/v2\/product_tag?post=16473"}],"curies":[{"name":"wp","href":"https:\/\/api.w.org\/{rel}","templated":true}]}}