{"id":16392,"date":"2025-04-27T15:24:51","date_gmt":"2025-04-27T13:24:51","guid":{"rendered":"https:\/\/scroll-zone.com\/sk\/produkt\/alignvo-product\/"},"modified":"2025-09-18T11:59:52","modified_gmt":"2025-09-18T09:59:52","slug":"pozicioner-na-montaz-dveri","status":"publish","type":"product","link":"https:\/\/scroll-zone.com\/sk\/produkt\/pozicioner-na-montaz-dveri\/","title":{"rendered":"Pozicion\u00e9r na mont\u00e1\u017e dver\u00ed"},"content":{"rendered":"","protected":false},"excerpt":{"rendered":"<p>Presn\u00fd a jednoduch\u00fd n\u00e1stroj na mont\u00e1\u017e dver\u00ed skrinky.<\/p>\n<p>Umo\u017e\u0148uje r\u00fdchle vyrovnanie a bezpe\u010dn\u00fa mont\u00e1\u017e bez \u010fal\u0161ej pomoci. Vyroben\u00fd z odolnej hlin\u00edkovej zliatiny pre dlhodob\u00e9 pou\u017eitie.<\/p>\n","protected":false},"featured_media":16399,"comment_status":"closed","ping_status":"closed","template":"","meta":{"inline_featured_image":false},"product_brand":[],"product_cat":[15,27,24],"product_tag":[],"class_list":{"0":"post-16392","1":"product","2":"type-product","3":"status-publish","4":"has-post-thumbnail","6":"product_cat-uncategorized","7":"product_cat-home","8":"product_cat-sale","10":"first","11":"instock","12":"sale","13":"taxable","14":"shipping-taxable","15":"purchasable","16":"product-type-simple"},"acf":[],"_links":{"self":[{"href":"https:\/\/scroll-zone.com\/sk\/wp-json\/wp\/v2\/product\/16392","targetHints":{"allow":["GET"]}}],"collection":[{"href":"https:\/\/scroll-zone.com\/sk\/wp-json\/wp\/v2\/product"}],"about":[{"href":"https:\/\/scroll-zone.com\/sk\/wp-json\/wp\/v2\/types\/product"}],"replies":[{"embeddable":true,"href":"https:\/\/scroll-zone.com\/sk\/wp-json\/wp\/v2\/comments?post=16392"}],"wp:featuredmedia":[{"embeddable":true,"href":"https:\/\/scroll-zone.com\/sk\/wp-json\/wp\/v2\/media\/16399"}],"wp:attachment":[{"href":"https:\/\/scroll-zone.com\/sk\/wp-json\/wp\/v2\/media?parent=16392"}],"wp:term":[{"taxonomy":"product_brand","embeddable":true,"href":"https:\/\/scroll-zone.com\/sk\/wp-json\/wp\/v2\/product_brand?post=16392"},{"taxonomy":"product_cat","embeddable":true,"href":"https:\/\/scroll-zone.com\/sk\/wp-json\/wp\/v2\/product_cat?post=16392"},{"taxonomy":"product_tag","embeddable":true,"href":"https:\/\/scroll-zone.com\/sk\/wp-json\/wp\/v2\/product_tag?post=16392"}],"curies":[{"name":"wp","href":"https:\/\/api.w.org\/{rel}","templated":true}]}}