{"id":16390,"date":"2025-04-27T04:43:03","date_gmt":"2025-04-27T02:43:03","guid":{"rendered":"https:\/\/scroll-zone.com\/sk\/produkt\/masksvo-product\/"},"modified":"2025-09-18T12:42:14","modified_gmt":"2025-09-18T10:42:14","slug":"masky-realnej-tvare","status":"publish","type":"product","link":"https:\/\/scroll-zone.com\/sk\/produkt\/masky-realnej-tvare\/","title":{"rendered":"Masky re\u00e1lnej tv\u00e1re"},"content":{"rendered":"","protected":false},"excerpt":{"rendered":"<p>Preme\u0148te sa na niekoho in\u00e9ho v okamihu!<\/p>\n<p>Realistick\u00e9 masky vysokej kvality vyroben\u00e9 z pr\u00edrodn\u00e9ho latexu. Perfektn\u00e9 na Halloween, ma\u0161karn\u00e9 b\u00e1ly, tematick\u00e9 p\u00e1rty alebo nezabudnute\u013en\u00e9 \u017earty s priate\u013emi.<\/p>\n","protected":false},"featured_media":16432,"comment_status":"closed","ping_status":"closed","template":"","meta":{"inline_featured_image":false},"product_brand":[],"product_cat":[15,27,35],"product_tag":[],"class_list":{"0":"post-16390","1":"product","2":"type-product","3":"status-publish","4":"has-post-thumbnail","6":"product_cat-uncategorized","7":"product_cat-home","8":"product_cat-fun","10":"first","11":"instock","12":"sale","13":"taxable","14":"shipping-taxable","15":"purchasable","16":"product-type-simple"},"acf":[],"_links":{"self":[{"href":"https:\/\/scroll-zone.com\/sk\/wp-json\/wp\/v2\/product\/16390","targetHints":{"allow":["GET"]}}],"collection":[{"href":"https:\/\/scroll-zone.com\/sk\/wp-json\/wp\/v2\/product"}],"about":[{"href":"https:\/\/scroll-zone.com\/sk\/wp-json\/wp\/v2\/types\/product"}],"replies":[{"embeddable":true,"href":"https:\/\/scroll-zone.com\/sk\/wp-json\/wp\/v2\/comments?post=16390"}],"wp:featuredmedia":[{"embeddable":true,"href":"https:\/\/scroll-zone.com\/sk\/wp-json\/wp\/v2\/media\/16432"}],"wp:attachment":[{"href":"https:\/\/scroll-zone.com\/sk\/wp-json\/wp\/v2\/media?parent=16390"}],"wp:term":[{"taxonomy":"product_brand","embeddable":true,"href":"https:\/\/scroll-zone.com\/sk\/wp-json\/wp\/v2\/product_brand?post=16390"},{"taxonomy":"product_cat","embeddable":true,"href":"https:\/\/scroll-zone.com\/sk\/wp-json\/wp\/v2\/product_cat?post=16390"},{"taxonomy":"product_tag","embeddable":true,"href":"https:\/\/scroll-zone.com\/sk\/wp-json\/wp\/v2\/product_tag?post=16390"}],"curies":[{"name":"wp","href":"https:\/\/api.w.org\/{rel}","templated":true}]}}