{"id":16226,"date":"2025-03-27T14:51:31","date_gmt":"2025-03-27T13:51:31","guid":{"rendered":"https:\/\/scroll-zone.com\/sk\/?post_type=product&#038;p=16226"},"modified":"2025-09-18T12:42:21","modified_gmt":"2025-09-18T10:42:21","slug":"art-set-kreativne-caro","status":"publish","type":"product","link":"https:\/\/scroll-zone.com\/sk\/produkt\/art-set-kreativne-caro\/","title":{"rendered":"Art set &#8211; kreat\u00edvne \u010daro"},"content":{"rendered":"","protected":false},"excerpt":{"rendered":"<p>Objavte k\u00fazlo tvorby s touto fantastickou umeleckou sadou! \u010ci u\u017e ste die\u0165a alebo dospel\u00fd, zabavte sa a vyjadrite svoju kreativitu prostredn\u00edctvom hry farieb a tvarov. Je ide\u00e1lny ako dar\u010dek a na rozvoj fant\u00e1zie!<\/p>\n","protected":false},"featured_media":15074,"comment_status":"open","ping_status":"closed","template":"","meta":{"inline_featured_image":false},"product_brand":[],"product_cat":[15,27,35],"product_tag":[],"class_list":{"0":"post-16226","1":"product","2":"type-product","3":"status-publish","4":"has-post-thumbnail","6":"product_cat-uncategorized","7":"product_cat-home","8":"product_cat-fun","10":"first","11":"instock","12":"sale","13":"taxable","14":"shipping-taxable","15":"purchasable","16":"product-type-simple"},"acf":[],"_links":{"self":[{"href":"https:\/\/scroll-zone.com\/sk\/wp-json\/wp\/v2\/product\/16226","targetHints":{"allow":["GET"]}}],"collection":[{"href":"https:\/\/scroll-zone.com\/sk\/wp-json\/wp\/v2\/product"}],"about":[{"href":"https:\/\/scroll-zone.com\/sk\/wp-json\/wp\/v2\/types\/product"}],"replies":[{"embeddable":true,"href":"https:\/\/scroll-zone.com\/sk\/wp-json\/wp\/v2\/comments?post=16226"}],"wp:featuredmedia":[{"embeddable":true,"href":"https:\/\/scroll-zone.com\/sk\/wp-json\/wp\/v2\/media\/15074"}],"wp:attachment":[{"href":"https:\/\/scroll-zone.com\/sk\/wp-json\/wp\/v2\/media?parent=16226"}],"wp:term":[{"taxonomy":"product_brand","embeddable":true,"href":"https:\/\/scroll-zone.com\/sk\/wp-json\/wp\/v2\/product_brand?post=16226"},{"taxonomy":"product_cat","embeddable":true,"href":"https:\/\/scroll-zone.com\/sk\/wp-json\/wp\/v2\/product_cat?post=16226"},{"taxonomy":"product_tag","embeddable":true,"href":"https:\/\/scroll-zone.com\/sk\/wp-json\/wp\/v2\/product_tag?post=16226"}],"curies":[{"name":"wp","href":"https:\/\/api.w.org\/{rel}","templated":true}]}}