{"id":16177,"date":"2025-03-18T10:51:21","date_gmt":"2025-03-18T09:51:21","guid":{"rendered":"https:\/\/scroll-zone.com\/sk\/?post_type=product&#038;p=16177"},"modified":"2025-09-18T12:42:40","modified_gmt":"2025-09-18T10:42:40","slug":"kegelove-cvicenia","status":"publish","type":"product","link":"https:\/\/scroll-zone.com\/sk\/produkt\/kegelove-cvicenia\/","title":{"rendered":"Kegelove cvi\u010denia"},"content":{"rendered":"","protected":false},"excerpt":{"rendered":"<p>Dosiahnite v\u00e4\u010d\u0161iu kontrolu a v\u00fddr\u017e s Kegelov\u00fdmi cvikmi, ktor\u00e9 posil\u0148uj\u00fa svaly panvov\u00e9ho dna. T\u00e1to jednoduch\u00e1, prirodzen\u00e1 a osved\u010den\u00e1 met\u00f3da zlep\u0161uje fyzick\u00fa kond\u00edciu, v\u00fddr\u017e a celkov\u00fa pohodu bez pou\u017eitia liekov. Je ide\u00e1lna pre mu\u017eov aj \u017eeny, prenosn\u00e1 a \u013eahko pou\u017eite\u013en\u00e1 kdeko\u013evek.<\/p>\n","protected":false},"featured_media":16181,"comment_status":"closed","ping_status":"closed","template":"","meta":{"inline_featured_image":false},"product_brand":[],"product_cat":[15,28,26],"product_tag":[],"class_list":{"0":"post-16177","1":"product","2":"type-product","3":"status-publish","4":"has-post-thumbnail","6":"product_cat-uncategorized","7":"product_cat-beauty","8":"product_cat-health","10":"first","11":"instock","12":"sale","13":"taxable","14":"shipping-taxable","15":"purchasable","16":"product-type-simple"},"acf":[],"_links":{"self":[{"href":"https:\/\/scroll-zone.com\/sk\/wp-json\/wp\/v2\/product\/16177","targetHints":{"allow":["GET"]}}],"collection":[{"href":"https:\/\/scroll-zone.com\/sk\/wp-json\/wp\/v2\/product"}],"about":[{"href":"https:\/\/scroll-zone.com\/sk\/wp-json\/wp\/v2\/types\/product"}],"replies":[{"embeddable":true,"href":"https:\/\/scroll-zone.com\/sk\/wp-json\/wp\/v2\/comments?post=16177"}],"wp:featuredmedia":[{"embeddable":true,"href":"https:\/\/scroll-zone.com\/sk\/wp-json\/wp\/v2\/media\/16181"}],"wp:attachment":[{"href":"https:\/\/scroll-zone.com\/sk\/wp-json\/wp\/v2\/media?parent=16177"}],"wp:term":[{"taxonomy":"product_brand","embeddable":true,"href":"https:\/\/scroll-zone.com\/sk\/wp-json\/wp\/v2\/product_brand?post=16177"},{"taxonomy":"product_cat","embeddable":true,"href":"https:\/\/scroll-zone.com\/sk\/wp-json\/wp\/v2\/product_cat?post=16177"},{"taxonomy":"product_tag","embeddable":true,"href":"https:\/\/scroll-zone.com\/sk\/wp-json\/wp\/v2\/product_tag?post=16177"}],"curies":[{"name":"wp","href":"https:\/\/api.w.org\/{rel}","templated":true}]}}