{"id":16030,"date":"2025-02-23T18:27:37","date_gmt":"2025-02-23T17:27:37","guid":{"rendered":"https:\/\/scroll-zone.com\/sk\/?post_type=product&#038;p=16030"},"modified":"2025-02-24T11:42:24","modified_gmt":"2025-02-24T10:42:24","slug":"inteligentna-orteza-na-kolena","status":"publish","type":"product","link":"https:\/\/scroll-zone.com\/sk\/produkt\/inteligentna-orteza-na-kolena\/","title":{"rendered":"Inteligentn\u00e1 ort\u00e9za na kolen\u00e1"},"content":{"rendered":"","protected":false},"excerpt":{"rendered":"<p>Pos\u00favajte svoje hranice bez strachu zo zranenia s revolu\u010dn\u00fdm korzetom, ktor\u00fd poskytuje bezpe\u010dnos\u0165 a pohodlie. Inteligentn\u00e1 kolenn\u00e1 ort\u00e9za, navrhnut\u00e1 pre \u0161portovcov v\u0161etk\u00fdch \u00farovn\u00ed, zni\u017euje tlak, zlep\u0161uje krvn\u00fd obeh a umo\u017e\u0148uje r\u00fdchlej\u0161ie zotavenie. S\u00fastre\u010fte sa na svoj tr\u00e9ning \u2013 bez bolesti a obmedzen\u00ed!<\/p>\n","protected":false},"featured_media":16032,"comment_status":"open","ping_status":"closed","template":"","meta":{"inline_featured_image":false},"product_brand":[],"product_cat":[15,35],"product_tag":[],"class_list":{"0":"post-16030","1":"product","2":"type-product","3":"status-publish","4":"has-post-thumbnail","6":"product_cat-uncategorized","7":"product_cat-fun","9":"first","10":"instock","11":"sale","12":"taxable","13":"shipping-taxable","14":"purchasable","15":"product-type-simple"},"acf":[],"_links":{"self":[{"href":"https:\/\/scroll-zone.com\/sk\/wp-json\/wp\/v2\/product\/16030","targetHints":{"allow":["GET"]}}],"collection":[{"href":"https:\/\/scroll-zone.com\/sk\/wp-json\/wp\/v2\/product"}],"about":[{"href":"https:\/\/scroll-zone.com\/sk\/wp-json\/wp\/v2\/types\/product"}],"replies":[{"embeddable":true,"href":"https:\/\/scroll-zone.com\/sk\/wp-json\/wp\/v2\/comments?post=16030"}],"wp:featuredmedia":[{"embeddable":true,"href":"https:\/\/scroll-zone.com\/sk\/wp-json\/wp\/v2\/media\/16032"}],"wp:attachment":[{"href":"https:\/\/scroll-zone.com\/sk\/wp-json\/wp\/v2\/media?parent=16030"}],"wp:term":[{"taxonomy":"product_brand","embeddable":true,"href":"https:\/\/scroll-zone.com\/sk\/wp-json\/wp\/v2\/product_brand?post=16030"},{"taxonomy":"product_cat","embeddable":true,"href":"https:\/\/scroll-zone.com\/sk\/wp-json\/wp\/v2\/product_cat?post=16030"},{"taxonomy":"product_tag","embeddable":true,"href":"https:\/\/scroll-zone.com\/sk\/wp-json\/wp\/v2\/product_tag?post=16030"}],"curies":[{"name":"wp","href":"https:\/\/api.w.org\/{rel}","templated":true}]}}