{"id":15658,"date":"2025-01-27T21:21:18","date_gmt":"2025-01-27T20:21:18","guid":{"rendered":"https:\/\/scroll-zone.com\/sk\/?post_type=product&#038;p=15658"},"modified":"2025-01-28T17:00:52","modified_gmt":"2025-01-28T16:00:52","slug":"aktivna-zabava-sportovy-set","status":"publish","type":"product","link":"https:\/\/scroll-zone.com\/sk\/produkt\/aktivna-zabava-sportovy-set\/","title":{"rendered":"Akt\u00edvna z\u00e1bava \u2013 \u0160portov\u00fd set"},"content":{"rendered":"","protected":false},"excerpt":{"rendered":"<p>Sta\u0148te sa \u0161ampi\u00f3nom ve\u010dierkov so v\u0161estrannou s\u00fapravou, ktor\u00e1 kombinuje bedminton, tenis a piklbal. V\u010faka jednoduch\u00e9mu nastaveniu, prenosn\u00e9mu dizajnu a odoln\u00fdm materi\u00e1lom si hru u\u017eite kdeko\u013evek \u2013 na dvore, v ob\u00fdva\u010dke alebo na pikniku. Ide\u00e1lne pre rodinn\u00e9 chv\u00edle a \u0161portov\u00fa rekre\u00e1ciu pre v\u0161etky vekov\u00e9 kateg\u00f3rie.<\/p>\n","protected":false},"featured_media":15670,"comment_status":"open","ping_status":"closed","template":"","meta":{"inline_featured_image":false},"product_brand":[],"product_cat":[15,35],"product_tag":[],"class_list":{"0":"post-15658","1":"product","2":"type-product","3":"status-publish","4":"has-post-thumbnail","6":"product_cat-uncategorized","7":"product_cat-fun","9":"first","10":"instock","11":"sale","12":"taxable","13":"shipping-taxable","14":"purchasable","15":"product-type-simple"},"acf":[],"_links":{"self":[{"href":"https:\/\/scroll-zone.com\/sk\/wp-json\/wp\/v2\/product\/15658","targetHints":{"allow":["GET"]}}],"collection":[{"href":"https:\/\/scroll-zone.com\/sk\/wp-json\/wp\/v2\/product"}],"about":[{"href":"https:\/\/scroll-zone.com\/sk\/wp-json\/wp\/v2\/types\/product"}],"replies":[{"embeddable":true,"href":"https:\/\/scroll-zone.com\/sk\/wp-json\/wp\/v2\/comments?post=15658"}],"wp:featuredmedia":[{"embeddable":true,"href":"https:\/\/scroll-zone.com\/sk\/wp-json\/wp\/v2\/media\/15670"}],"wp:attachment":[{"href":"https:\/\/scroll-zone.com\/sk\/wp-json\/wp\/v2\/media?parent=15658"}],"wp:term":[{"taxonomy":"product_brand","embeddable":true,"href":"https:\/\/scroll-zone.com\/sk\/wp-json\/wp\/v2\/product_brand?post=15658"},{"taxonomy":"product_cat","embeddable":true,"href":"https:\/\/scroll-zone.com\/sk\/wp-json\/wp\/v2\/product_cat?post=15658"},{"taxonomy":"product_tag","embeddable":true,"href":"https:\/\/scroll-zone.com\/sk\/wp-json\/wp\/v2\/product_tag?post=15658"}],"curies":[{"name":"wp","href":"https:\/\/api.w.org\/{rel}","templated":true}]}}