{"id":14381,"date":"2024-10-03T14:40:56","date_gmt":"2024-10-03T12:40:56","guid":{"rendered":"https:\/\/scroll-zone.com\/sk\/?post_type=product&#038;p=14381"},"modified":"2024-12-01T16:59:16","modified_gmt":"2024-12-01T15:59:16","slug":"vianocny-kalendar-s-darcekmi","status":"publish","type":"product","link":"https:\/\/scroll-zone.com\/sk\/produkt\/vianocny-kalendar-s-darcekmi\/","title":{"rendered":"Viano\u010dn\u00fd kalend\u00e1r s dar\u010dekmi"},"content":{"rendered":"","protected":false},"excerpt":{"rendered":"<p>Roz\u017eiarte svoje predsviato\u010dn\u00e9 dni t\u00fdmto n\u00e1dhern\u00fdm adventn\u00fdm kalend\u00e1rom a prekvapeniami, ktor\u00e9 pre v\u00e1s chyst\u00e1!<\/p>\n","protected":false},"featured_media":14385,"comment_status":"closed","ping_status":"closed","template":"","meta":{"inline_featured_image":false},"product_brand":[],"product_cat":[15,35],"product_tag":[],"class_list":{"0":"post-14381","1":"product","2":"type-product","3":"status-publish","4":"has-post-thumbnail","6":"product_cat-uncategorized","7":"product_cat-fun","9":"first","10":"instock","11":"sale","12":"taxable","13":"shipping-taxable","14":"purchasable","15":"product-type-simple"},"acf":[],"_links":{"self":[{"href":"https:\/\/scroll-zone.com\/sk\/wp-json\/wp\/v2\/product\/14381","targetHints":{"allow":["GET"]}}],"collection":[{"href":"https:\/\/scroll-zone.com\/sk\/wp-json\/wp\/v2\/product"}],"about":[{"href":"https:\/\/scroll-zone.com\/sk\/wp-json\/wp\/v2\/types\/product"}],"replies":[{"embeddable":true,"href":"https:\/\/scroll-zone.com\/sk\/wp-json\/wp\/v2\/comments?post=14381"}],"wp:featuredmedia":[{"embeddable":true,"href":"https:\/\/scroll-zone.com\/sk\/wp-json\/wp\/v2\/media\/14385"}],"wp:attachment":[{"href":"https:\/\/scroll-zone.com\/sk\/wp-json\/wp\/v2\/media?parent=14381"}],"wp:term":[{"taxonomy":"product_brand","embeddable":true,"href":"https:\/\/scroll-zone.com\/sk\/wp-json\/wp\/v2\/product_brand?post=14381"},{"taxonomy":"product_cat","embeddable":true,"href":"https:\/\/scroll-zone.com\/sk\/wp-json\/wp\/v2\/product_cat?post=14381"},{"taxonomy":"product_tag","embeddable":true,"href":"https:\/\/scroll-zone.com\/sk\/wp-json\/wp\/v2\/product_tag?post=14381"}],"curies":[{"name":"wp","href":"https:\/\/api.w.org\/{rel}","templated":true}]}}