{"id":13296,"date":"2024-05-27T14:58:52","date_gmt":"2024-05-27T12:58:52","guid":{"rendered":"https:\/\/scroll-zone.com\/sk\/?post_type=product&#038;p=13296"},"modified":"2024-09-09T14:36:05","modified_gmt":"2024-09-09T12:36:05","slug":"kulma-na-vytvaranie-vln","status":"publish","type":"product","link":"https:\/\/scroll-zone.com\/sk\/produkt\/kulma-na-vytvaranie-vln\/","title":{"rendered":"Kulma na vytv\u00e1ranie v\u013an"},"content":{"rendered":"","protected":false},"excerpt":{"rendered":"<p>Upravte si vlasy pomocou tejto \u0161ikovnej kulmy a vytvorte n\u00e1dhern\u00e9 vlny nieko\u013ek\u00fdmi jednoduch\u00fdmi \u0165ahmi!<\/p>\n","protected":false},"featured_media":13303,"comment_status":"closed","ping_status":"closed","template":"","meta":{"inline_featured_image":false},"product_brand":[],"product_cat":[15,28],"product_tag":[],"class_list":{"0":"post-13296","1":"product","2":"type-product","3":"status-publish","4":"has-post-thumbnail","6":"product_cat-uncategorized","7":"product_cat-beauty","9":"first","10":"instock","11":"sale","12":"taxable","13":"shipping-taxable","14":"purchasable","15":"product-type-simple"},"acf":[],"_links":{"self":[{"href":"https:\/\/scroll-zone.com\/sk\/wp-json\/wp\/v2\/product\/13296","targetHints":{"allow":["GET"]}}],"collection":[{"href":"https:\/\/scroll-zone.com\/sk\/wp-json\/wp\/v2\/product"}],"about":[{"href":"https:\/\/scroll-zone.com\/sk\/wp-json\/wp\/v2\/types\/product"}],"replies":[{"embeddable":true,"href":"https:\/\/scroll-zone.com\/sk\/wp-json\/wp\/v2\/comments?post=13296"}],"wp:featuredmedia":[{"embeddable":true,"href":"https:\/\/scroll-zone.com\/sk\/wp-json\/wp\/v2\/media\/13303"}],"wp:attachment":[{"href":"https:\/\/scroll-zone.com\/sk\/wp-json\/wp\/v2\/media?parent=13296"}],"wp:term":[{"taxonomy":"product_brand","embeddable":true,"href":"https:\/\/scroll-zone.com\/sk\/wp-json\/wp\/v2\/product_brand?post=13296"},{"taxonomy":"product_cat","embeddable":true,"href":"https:\/\/scroll-zone.com\/sk\/wp-json\/wp\/v2\/product_cat?post=13296"},{"taxonomy":"product_tag","embeddable":true,"href":"https:\/\/scroll-zone.com\/sk\/wp-json\/wp\/v2\/product_tag?post=13296"}],"curies":[{"name":"wp","href":"https:\/\/api.w.org\/{rel}","templated":true}]}}