{"id":12824,"date":"2024-03-13T15:22:12","date_gmt":"2024-03-13T14:22:12","guid":{"rendered":"https:\/\/scroll-zone.com\/sk\/?post_type=product&#038;p=12824"},"modified":"2024-04-15T14:26:43","modified_gmt":"2024-04-15T12:26:43","slug":"dekorativne-solarne-svetla","status":"publish","type":"product","link":"https:\/\/scroll-zone.com\/sk\/produkt\/dekorativne-solarne-svetla\/","title":{"rendered":"Dekorat\u00edvne sol\u00e1rne svetl\u00e1"},"content":{"rendered":"","protected":false},"excerpt":{"rendered":"<p>Sol\u00e1rne lampy vo forme kvapiek s\u00fa n\u00e1dhernou dekor\u00e1ciou a ve\u013emi efekt\u00edvnym osvetlen\u00edm!<\/p>\n","protected":false},"featured_media":12825,"comment_status":"open","ping_status":"closed","template":"","meta":{"inline_featured_image":false},"product_brand":[],"product_cat":[15],"product_tag":[],"class_list":{"0":"post-12824","1":"product","2":"type-product","3":"status-publish","4":"has-post-thumbnail","6":"product_cat-uncategorized","8":"first","9":"instock","10":"sale","11":"taxable","12":"shipping-taxable","13":"purchasable","14":"product-type-simple"},"acf":[],"_links":{"self":[{"href":"https:\/\/scroll-zone.com\/sk\/wp-json\/wp\/v2\/product\/12824","targetHints":{"allow":["GET"]}}],"collection":[{"href":"https:\/\/scroll-zone.com\/sk\/wp-json\/wp\/v2\/product"}],"about":[{"href":"https:\/\/scroll-zone.com\/sk\/wp-json\/wp\/v2\/types\/product"}],"replies":[{"embeddable":true,"href":"https:\/\/scroll-zone.com\/sk\/wp-json\/wp\/v2\/comments?post=12824"}],"wp:featuredmedia":[{"embeddable":true,"href":"https:\/\/scroll-zone.com\/sk\/wp-json\/wp\/v2\/media\/12825"}],"wp:attachment":[{"href":"https:\/\/scroll-zone.com\/sk\/wp-json\/wp\/v2\/media?parent=12824"}],"wp:term":[{"taxonomy":"product_brand","embeddable":true,"href":"https:\/\/scroll-zone.com\/sk\/wp-json\/wp\/v2\/product_brand?post=12824"},{"taxonomy":"product_cat","embeddable":true,"href":"https:\/\/scroll-zone.com\/sk\/wp-json\/wp\/v2\/product_cat?post=12824"},{"taxonomy":"product_tag","embeddable":true,"href":"https:\/\/scroll-zone.com\/sk\/wp-json\/wp\/v2\/product_tag?post=12824"}],"curies":[{"name":"wp","href":"https:\/\/api.w.org\/{rel}","templated":true}]}}