{"id":12751,"date":"2024-02-27T12:22:32","date_gmt":"2024-02-27T11:22:32","guid":{"rendered":"https:\/\/scroll-zone.com\/sk\/?post_type=product&#038;p=12751"},"modified":"2024-02-27T12:23:19","modified_gmt":"2024-02-27T11:23:19","slug":"11-zdarma-montessori-magneticka-hra-na-triedenie-cisel-a-farieb","status":"publish","type":"product","link":"https:\/\/scroll-zone.com\/sk\/produkt\/11-zdarma-montessori-magneticka-hra-na-triedenie-cisel-a-farieb\/","title":{"rendered":"1+1 ZDARMA Montessori magnetick\u00e1 hra na triedenie \u010d\u00edsel a farieb"},"content":{"rendered":"","protected":false},"excerpt":{"rendered":"<p>Labyrintov\u00e1 hra\u010dka s magnetmi je fenomen\u00e1lna na rozvoj motorick\u00fdch zru\u010dnost\u00ed, u\u010denie farieb, \u010d\u00edsel a precvi\u010dovanie presnosti a trpezlivosti!<\/p>\n","protected":false},"featured_media":10952,"comment_status":"closed","ping_status":"closed","template":"","meta":{"inline_featured_image":false},"product_brand":[],"product_cat":[15,35],"product_tag":[],"class_list":{"0":"post-12751","1":"product","2":"type-product","3":"status-publish","4":"has-post-thumbnail","6":"product_cat-uncategorized","7":"product_cat-fun","9":"first","10":"instock","11":"sale","12":"taxable","13":"shipping-taxable","14":"purchasable","15":"product-type-simple"},"acf":[],"_links":{"self":[{"href":"https:\/\/scroll-zone.com\/sk\/wp-json\/wp\/v2\/product\/12751","targetHints":{"allow":["GET"]}}],"collection":[{"href":"https:\/\/scroll-zone.com\/sk\/wp-json\/wp\/v2\/product"}],"about":[{"href":"https:\/\/scroll-zone.com\/sk\/wp-json\/wp\/v2\/types\/product"}],"replies":[{"embeddable":true,"href":"https:\/\/scroll-zone.com\/sk\/wp-json\/wp\/v2\/comments?post=12751"}],"wp:featuredmedia":[{"embeddable":true,"href":"https:\/\/scroll-zone.com\/sk\/wp-json\/wp\/v2\/media\/10952"}],"wp:attachment":[{"href":"https:\/\/scroll-zone.com\/sk\/wp-json\/wp\/v2\/media?parent=12751"}],"wp:term":[{"taxonomy":"product_brand","embeddable":true,"href":"https:\/\/scroll-zone.com\/sk\/wp-json\/wp\/v2\/product_brand?post=12751"},{"taxonomy":"product_cat","embeddable":true,"href":"https:\/\/scroll-zone.com\/sk\/wp-json\/wp\/v2\/product_cat?post=12751"},{"taxonomy":"product_tag","embeddable":true,"href":"https:\/\/scroll-zone.com\/sk\/wp-json\/wp\/v2\/product_tag?post=12751"}],"curies":[{"name":"wp","href":"https:\/\/api.w.org\/{rel}","templated":true}]}}