{"id":4563,"date":"2025-11-17T15:42:43","date_gmt":"2025-11-17T14:42:43","guid":{"rendered":"https:\/\/scroll-zone.com\/si\/proizvod\/tracne1-product\/"},"modified":"2026-03-10T18:26:27","modified_gmt":"2026-03-10T17:26:27","slug":"prenosni-raztezalnik-za-vrat","status":"publish","type":"product","link":"https:\/\/scroll-zone.com\/si\/proizvod\/prenosni-raztezalnik-za-vrat\/","title":{"rendered":"Prenosni raztezalnik za vrat"},"content":{"rendered":"","protected":false},"excerpt":{"rendered":"<p>Recite zbogom okorelosti in napetosti v vratu s tem prenosnim raztezalnikom za vrat, ki ga lahko uporabljate kadarkoli in kjerkoli. Idealen je za okrevanje po dolgem delu za ra\u010dunalnikom, fizi\u010dni aktivnosti ali napornem dnevu. Ponuja profesionalno raztezanje in olaj\u0161anje mi\u0161ic vratu in ramen \u2013 vse to v udobju va\u0161ega doma.<\/p>\n","protected":false},"featured_media":4564,"comment_status":"closed","ping_status":"closed","template":"","meta":{"inline_featured_image":false},"product_brand":[],"product_cat":[15,27,26,43],"product_tag":[],"class_list":{"0":"post-4563","1":"product","2":"type-product","3":"status-publish","4":"has-post-thumbnail","6":"product_cat-uncategorized","7":"product_cat-home","8":"product_cat-health","9":"product_cat-fun","11":"first","12":"instock","13":"sale","14":"taxable","15":"shipping-taxable","16":"purchasable","17":"product-type-simple"},"acf":[],"_links":{"self":[{"href":"https:\/\/scroll-zone.com\/si\/wp-json\/wp\/v2\/product\/4563","targetHints":{"allow":["GET"]}}],"collection":[{"href":"https:\/\/scroll-zone.com\/si\/wp-json\/wp\/v2\/product"}],"about":[{"href":"https:\/\/scroll-zone.com\/si\/wp-json\/wp\/v2\/types\/product"}],"replies":[{"embeddable":true,"href":"https:\/\/scroll-zone.com\/si\/wp-json\/wp\/v2\/comments?post=4563"}],"wp:featuredmedia":[{"embeddable":true,"href":"https:\/\/scroll-zone.com\/si\/wp-json\/wp\/v2\/media\/4564"}],"wp:attachment":[{"href":"https:\/\/scroll-zone.com\/si\/wp-json\/wp\/v2\/media?parent=4563"}],"wp:term":[{"taxonomy":"product_brand","embeddable":true,"href":"https:\/\/scroll-zone.com\/si\/wp-json\/wp\/v2\/product_brand?post=4563"},{"taxonomy":"product_cat","embeddable":true,"href":"https:\/\/scroll-zone.com\/si\/wp-json\/wp\/v2\/product_cat?post=4563"},{"taxonomy":"product_tag","embeddable":true,"href":"https:\/\/scroll-zone.com\/si\/wp-json\/wp\/v2\/product_tag?post=4563"}],"curies":[{"name":"wp","href":"https:\/\/api.w.org\/{rel}","templated":true}]}}