{"id":3529,"date":"2025-06-02T15:41:34","date_gmt":"2025-06-02T13:41:34","guid":{"rendered":"https:\/\/scroll-zone.com\/si\/proizvod\/minisaw-product\/"},"modified":"2025-06-09T11:50:04","modified_gmt":"2025-06-09T09:50:04","slug":"mini-namizna-zaga-natancno-in-prakticno-rezanje","status":"publish","type":"product","link":"https:\/\/scroll-zone.com\/si\/proizvod\/mini-namizna-zaga-natancno-in-prakticno-rezanje\/","title":{"rendered":"Mini Namizna \u017daga \u2013 Natan\u010dno in Prakti\u010dno Rezanje"},"content":{"rendered":"","protected":false},"excerpt":{"rendered":"<p>Ta kompaktna in mo\u010dna mini namizna \u017eaga z mo\u010djo 100W omogo\u010da natan\u010dno rezanje razli\u010dnih materialov, kot so les, akril in aluminij. Nastavljiv kot rezanja od 0\u00b0 do 90\u00b0 in 7-stopenjska regulacija hitrosti omogo\u010data prilagodljivost in nadzor med delom. S stabilno zasnovo in visokokakovostnimi rezili je idealna za modelarje, hobiste in obrtnike.<\/p>\n","protected":false},"featured_media":3536,"comment_status":"closed","ping_status":"closed","template":"","meta":{"inline_featured_image":false},"product_brand":[],"product_cat":[15,27,43,24],"product_tag":[],"class_list":{"0":"post-3529","1":"product","2":"type-product","3":"status-publish","4":"has-post-thumbnail","6":"product_cat-uncategorized","7":"product_cat-home","8":"product_cat-fun","9":"product_cat-sale","11":"first","12":"instock","13":"sale","14":"taxable","15":"shipping-taxable","16":"purchasable","17":"product-type-simple"},"acf":[],"_links":{"self":[{"href":"https:\/\/scroll-zone.com\/si\/wp-json\/wp\/v2\/product\/3529","targetHints":{"allow":["GET"]}}],"collection":[{"href":"https:\/\/scroll-zone.com\/si\/wp-json\/wp\/v2\/product"}],"about":[{"href":"https:\/\/scroll-zone.com\/si\/wp-json\/wp\/v2\/types\/product"}],"replies":[{"embeddable":true,"href":"https:\/\/scroll-zone.com\/si\/wp-json\/wp\/v2\/comments?post=3529"}],"wp:featuredmedia":[{"embeddable":true,"href":"https:\/\/scroll-zone.com\/si\/wp-json\/wp\/v2\/media\/3536"}],"wp:attachment":[{"href":"https:\/\/scroll-zone.com\/si\/wp-json\/wp\/v2\/media?parent=3529"}],"wp:term":[{"taxonomy":"product_brand","embeddable":true,"href":"https:\/\/scroll-zone.com\/si\/wp-json\/wp\/v2\/product_brand?post=3529"},{"taxonomy":"product_cat","embeddable":true,"href":"https:\/\/scroll-zone.com\/si\/wp-json\/wp\/v2\/product_cat?post=3529"},{"taxonomy":"product_tag","embeddable":true,"href":"https:\/\/scroll-zone.com\/si\/wp-json\/wp\/v2\/product_tag?post=3529"}],"curies":[{"name":"wp","href":"https:\/\/api.w.org\/{rel}","templated":true}]}}