{"id":2700,"date":"2024-11-08T09:07:26","date_gmt":"2024-11-08T08:07:26","guid":{"rendered":"https:\/\/scroll-zone.com\/si\/?post_type=product&#038;p=2700"},"modified":"2024-11-08T09:09:43","modified_gmt":"2024-11-08T08:09:43","slug":"diy-set-za-pletenje-zapestnic-iz-vrvi","status":"publish","type":"product","link":"https:\/\/scroll-zone.com\/si\/proizvod\/diy-set-za-pletenje-zapestnic-iz-vrvi\/","title":{"rendered":"DIY set za pletenje zapestnic iz vrvi"},"content":{"rendered":"","protected":false},"excerpt":{"rendered":"<p>Ta set za ro\u010dno pletenje je ustvarjalna igra za otroke, ki jim omogo\u010da negovanje ro\u010dnih spretnosti in spodbujanje njihove ustvarjalnosti.<\/p>\n","protected":false},"featured_media":2707,"comment_status":"closed","ping_status":"closed","template":"","meta":{"inline_featured_image":false},"product_brand":[],"product_cat":[15,43],"product_tag":[],"class_list":{"0":"post-2700","1":"product","2":"type-product","3":"status-publish","4":"has-post-thumbnail","6":"product_cat-uncategorized","7":"product_cat-fun","9":"first","10":"instock","11":"sale","12":"taxable","13":"shipping-taxable","14":"purchasable","15":"product-type-simple"},"acf":[],"_links":{"self":[{"href":"https:\/\/scroll-zone.com\/si\/wp-json\/wp\/v2\/product\/2700","targetHints":{"allow":["GET"]}}],"collection":[{"href":"https:\/\/scroll-zone.com\/si\/wp-json\/wp\/v2\/product"}],"about":[{"href":"https:\/\/scroll-zone.com\/si\/wp-json\/wp\/v2\/types\/product"}],"replies":[{"embeddable":true,"href":"https:\/\/scroll-zone.com\/si\/wp-json\/wp\/v2\/comments?post=2700"}],"wp:featuredmedia":[{"embeddable":true,"href":"https:\/\/scroll-zone.com\/si\/wp-json\/wp\/v2\/media\/2707"}],"wp:attachment":[{"href":"https:\/\/scroll-zone.com\/si\/wp-json\/wp\/v2\/media?parent=2700"}],"wp:term":[{"taxonomy":"product_brand","embeddable":true,"href":"https:\/\/scroll-zone.com\/si\/wp-json\/wp\/v2\/product_brand?post=2700"},{"taxonomy":"product_cat","embeddable":true,"href":"https:\/\/scroll-zone.com\/si\/wp-json\/wp\/v2\/product_cat?post=2700"},{"taxonomy":"product_tag","embeddable":true,"href":"https:\/\/scroll-zone.com\/si\/wp-json\/wp\/v2\/product_tag?post=2700"}],"curies":[{"name":"wp","href":"https:\/\/api.w.org\/{rel}","templated":true}]}}