{"id":59645,"date":"2025-10-11T00:35:25","date_gmt":"2025-10-10T22:35:25","guid":{"rendered":"https:\/\/scroll-zone.com\/rs\/?post_type=product&#038;p=59645"},"modified":"2025-12-11T12:53:47","modified_gmt":"2025-12-11T11:53:47","slug":"ultrazvucna-zastita-od-glodara-2","status":"publish","type":"product","link":"https:\/\/scroll-zone.com\/rs\/proizvod\/ultrazvucna-zastita-od-glodara-2\/","title":{"rendered":"Ultrazvu\u010dna za\u0161tita od glodara"},"content":{"rendered":"","protected":false},"excerpt":{"rendered":"<p>Elektronski ure\u0111aj koji odbija mi\u0161eve i druge glodare visokofrekventnim zvu\u010dnim talasima.<br \/>\nNeprimetan je ljudskom uhu, a glodarima izaziva nelagodu i odbojnost.<br \/>\nJednostavan je za kori\u0161\u0107enje i siguran za ljude i ku\u0107ne ljubimce.<\/p>\n","protected":false},"featured_media":58042,"comment_status":"closed","ping_status":"closed","template":"","meta":{"inline_featured_image":false},"product_brand":[],"product_cat":[15,28,26],"product_tag":[],"class_list":{"0":"post-59645","1":"product","2":"type-product","3":"status-publish","4":"has-post-thumbnail","6":"product_cat-uncategorized","7":"product_cat-beauty","8":"product_cat-health","10":"first","11":"instock","12":"sale","13":"shipping-taxable","14":"purchasable","15":"product-type-simple"},"acf":[],"_links":{"self":[{"href":"https:\/\/scroll-zone.com\/rs\/wp-json\/wp\/v2\/product\/59645","targetHints":{"allow":["GET"]}}],"collection":[{"href":"https:\/\/scroll-zone.com\/rs\/wp-json\/wp\/v2\/product"}],"about":[{"href":"https:\/\/scroll-zone.com\/rs\/wp-json\/wp\/v2\/types\/product"}],"replies":[{"embeddable":true,"href":"https:\/\/scroll-zone.com\/rs\/wp-json\/wp\/v2\/comments?post=59645"}],"wp:featuredmedia":[{"embeddable":true,"href":"https:\/\/scroll-zone.com\/rs\/wp-json\/wp\/v2\/media\/58042"}],"wp:attachment":[{"href":"https:\/\/scroll-zone.com\/rs\/wp-json\/wp\/v2\/media?parent=59645"}],"wp:term":[{"taxonomy":"product_brand","embeddable":true,"href":"https:\/\/scroll-zone.com\/rs\/wp-json\/wp\/v2\/product_brand?post=59645"},{"taxonomy":"product_cat","embeddable":true,"href":"https:\/\/scroll-zone.com\/rs\/wp-json\/wp\/v2\/product_cat?post=59645"},{"taxonomy":"product_tag","embeddable":true,"href":"https:\/\/scroll-zone.com\/rs\/wp-json\/wp\/v2\/product_tag?post=59645"}],"curies":[{"name":"wp","href":"https:\/\/api.w.org\/{rel}","templated":true}]}}