{"id":58895,"date":"2025-09-15T16:23:31","date_gmt":"2025-09-15T14:23:31","guid":{"rendered":"https:\/\/scroll-zone.com\/rs\/?post_type=product&#038;p=58895"},"modified":"2025-09-25T09:48:45","modified_gmt":"2025-09-25T07:48:45","slug":"pametne-naocare-sa-kamerom","status":"publish","type":"product","link":"https:\/\/scroll-zone.com\/rs\/proizvod\/pametne-naocare-sa-kamerom\/","title":{"rendered":"Pametne nao\u010dare sa kamerom"},"content":{"rendered":"","protected":false},"excerpt":{"rendered":"<p data-start=\"109\" data-end=\"338\">Nao\u010dare sa kamerom i polarizovanim so\u010divima omogu\u0107avaju snimanje video zapisa dok ste aktivni.<br data-start=\"214\" data-end=\"217\" \/>Pove\u017eite ih sa telefonom i prenosite slike i video zapise odmah, bez dodatne memorije.<br data-start=\"303\" data-end=\"306\" \/>Prikladne su za vo\u017enju, tr\u010danje, biciklizam, ribolov i druge aktivnosti na otvorenom.<\/p>\n","protected":false},"featured_media":58901,"comment_status":"open","ping_status":"closed","template":"","meta":{"inline_featured_image":false},"product_brand":[],"product_cat":[15,27,24],"product_tag":[],"class_list":{"0":"post-58895","1":"product","2":"type-product","3":"status-publish","4":"has-post-thumbnail","6":"product_cat-uncategorized","7":"product_cat-home","8":"product_cat-sale","10":"first","11":"instock","12":"sale","13":"shipping-taxable","14":"purchasable","15":"product-type-simple"},"acf":[],"_links":{"self":[{"href":"https:\/\/scroll-zone.com\/rs\/wp-json\/wp\/v2\/product\/58895","targetHints":{"allow":["GET"]}}],"collection":[{"href":"https:\/\/scroll-zone.com\/rs\/wp-json\/wp\/v2\/product"}],"about":[{"href":"https:\/\/scroll-zone.com\/rs\/wp-json\/wp\/v2\/types\/product"}],"replies":[{"embeddable":true,"href":"https:\/\/scroll-zone.com\/rs\/wp-json\/wp\/v2\/comments?post=58895"}],"wp:featuredmedia":[{"embeddable":true,"href":"https:\/\/scroll-zone.com\/rs\/wp-json\/wp\/v2\/media\/58901"}],"wp:attachment":[{"href":"https:\/\/scroll-zone.com\/rs\/wp-json\/wp\/v2\/media?parent=58895"}],"wp:term":[{"taxonomy":"product_brand","embeddable":true,"href":"https:\/\/scroll-zone.com\/rs\/wp-json\/wp\/v2\/product_brand?post=58895"},{"taxonomy":"product_cat","embeddable":true,"href":"https:\/\/scroll-zone.com\/rs\/wp-json\/wp\/v2\/product_cat?post=58895"},{"taxonomy":"product_tag","embeddable":true,"href":"https:\/\/scroll-zone.com\/rs\/wp-json\/wp\/v2\/product_tag?post=58895"}],"curies":[{"name":"wp","href":"https:\/\/api.w.org\/{rel}","templated":true}]}}