{"id":54510,"date":"2025-06-26T17:43:34","date_gmt":"2025-06-26T15:43:34","guid":{"rendered":"https:\/\/scroll-zone.com\/rs\/?post_type=product&#038;p=54510"},"modified":"2026-03-03T15:11:00","modified_gmt":"2026-03-03T14:11:00","slug":"traka-za-pomoc-pri-zgibovima","status":"publish","type":"product","link":"https:\/\/scroll-zone.com\/rs\/proizvod\/traka-za-pomoc-pri-zgibovima\/","title":{"rendered":"Traka za pomo\u0107 pri zgibovima"},"content":{"rendered":"","protected":false},"excerpt":{"rendered":"<p>Unapredi svoj ku\u0107ni trening uz traku za zgibove koja nudi stabilnost, sigurnost i efikasnost u svakom pokretu. Bez spotera i bez optere\u0107enja \u2013 samo ti, tvoja snaga i pametan alat za ve\u017ebanje. Idealan dodatak za sve nivoe kondicije.<\/p>\n","protected":false},"featured_media":54515,"comment_status":"open","ping_status":"closed","template":"","meta":{"inline_featured_image":false},"product_brand":[],"product_cat":[15],"product_tag":[],"class_list":{"0":"post-54510","1":"product","2":"type-product","3":"status-publish","4":"has-post-thumbnail","6":"product_cat-uncategorized","8":"first","9":"instock","10":"sale","11":"shipping-taxable","12":"purchasable","13":"product-type-simple"},"acf":[],"_links":{"self":[{"href":"https:\/\/scroll-zone.com\/rs\/wp-json\/wp\/v2\/product\/54510","targetHints":{"allow":["GET"]}}],"collection":[{"href":"https:\/\/scroll-zone.com\/rs\/wp-json\/wp\/v2\/product"}],"about":[{"href":"https:\/\/scroll-zone.com\/rs\/wp-json\/wp\/v2\/types\/product"}],"replies":[{"embeddable":true,"href":"https:\/\/scroll-zone.com\/rs\/wp-json\/wp\/v2\/comments?post=54510"}],"wp:featuredmedia":[{"embeddable":true,"href":"https:\/\/scroll-zone.com\/rs\/wp-json\/wp\/v2\/media\/54515"}],"wp:attachment":[{"href":"https:\/\/scroll-zone.com\/rs\/wp-json\/wp\/v2\/media?parent=54510"}],"wp:term":[{"taxonomy":"product_brand","embeddable":true,"href":"https:\/\/scroll-zone.com\/rs\/wp-json\/wp\/v2\/product_brand?post=54510"},{"taxonomy":"product_cat","embeddable":true,"href":"https:\/\/scroll-zone.com\/rs\/wp-json\/wp\/v2\/product_cat?post=54510"},{"taxonomy":"product_tag","embeddable":true,"href":"https:\/\/scroll-zone.com\/rs\/wp-json\/wp\/v2\/product_tag?post=54510"}],"curies":[{"name":"wp","href":"https:\/\/api.w.org\/{rel}","templated":true}]}}