{"id":45804,"date":"2024-12-13T15:01:33","date_gmt":"2024-12-13T14:01:33","guid":{"rendered":"https:\/\/scroll-zone.com\/rs\/?post_type=product&#038;p=45804"},"modified":"2024-12-25T11:17:57","modified_gmt":"2024-12-25T10:17:57","slug":"magicna-sef-polica","status":"publish","type":"product","link":"https:\/\/scroll-zone.com\/rs\/proizvod\/magicna-sef-polica\/","title":{"rendered":"Magi\u010dna sef polica"},"content":{"rendered":"","protected":false},"excerpt":{"rendered":"<p>Preobrazite svoj prostor uz elegantnu policu koja kombinuje moderan dizajn i skrivenu funkcionalnost. Zahvaljuju\u0107i nevidljivom tajnom odeljku, ovaj unikatan komad omogu\u0107ava da skladi\u0161tite svoje dragocenosti sigurno i diskretno.<\/p>\n<p>&nbsp;<\/p>\n","protected":false},"featured_media":45820,"comment_status":"open","ping_status":"closed","template":"","meta":{"inline_featured_image":false},"product_brand":[],"product_cat":[15],"product_tag":[],"class_list":{"0":"post-45804","1":"product","2":"type-product","3":"status-publish","4":"has-post-thumbnail","6":"product_cat-uncategorized","8":"first","9":"instock","10":"sale","11":"shipping-taxable","12":"purchasable","13":"product-type-simple"},"acf":[],"_links":{"self":[{"href":"https:\/\/scroll-zone.com\/rs\/wp-json\/wp\/v2\/product\/45804","targetHints":{"allow":["GET"]}}],"collection":[{"href":"https:\/\/scroll-zone.com\/rs\/wp-json\/wp\/v2\/product"}],"about":[{"href":"https:\/\/scroll-zone.com\/rs\/wp-json\/wp\/v2\/types\/product"}],"replies":[{"embeddable":true,"href":"https:\/\/scroll-zone.com\/rs\/wp-json\/wp\/v2\/comments?post=45804"}],"wp:featuredmedia":[{"embeddable":true,"href":"https:\/\/scroll-zone.com\/rs\/wp-json\/wp\/v2\/media\/45820"}],"wp:attachment":[{"href":"https:\/\/scroll-zone.com\/rs\/wp-json\/wp\/v2\/media?parent=45804"}],"wp:term":[{"taxonomy":"product_brand","embeddable":true,"href":"https:\/\/scroll-zone.com\/rs\/wp-json\/wp\/v2\/product_brand?post=45804"},{"taxonomy":"product_cat","embeddable":true,"href":"https:\/\/scroll-zone.com\/rs\/wp-json\/wp\/v2\/product_cat?post=45804"},{"taxonomy":"product_tag","embeddable":true,"href":"https:\/\/scroll-zone.com\/rs\/wp-json\/wp\/v2\/product_tag?post=45804"}],"curies":[{"name":"wp","href":"https:\/\/api.w.org\/{rel}","templated":true}]}}