{"id":41281,"date":"2024-09-26T13:03:50","date_gmt":"2024-09-26T11:03:50","guid":{"rendered":"https:\/\/scroll-zone.com\/rs\/?post_type=product&#038;p=41281"},"modified":"2024-09-27T15:58:07","modified_gmt":"2024-09-27T13:58:07","slug":"zidni-organizator-dokumentacije","status":"publish","type":"product","link":"https:\/\/scroll-zone.com\/rs\/proizvod\/zidni-organizator-dokumentacije\/","title":{"rendered":"Zidni organizator dokumentacije"},"content":{"rendered":"","protected":false},"excerpt":{"rendered":"<p>Ovaj vise\u0107i organizator osigura\u0107e vam urednost i preglednost svih va\u017enih dokumenata i papirologije!<\/p>\n","protected":false},"featured_media":41286,"comment_status":"open","ping_status":"closed","template":"","meta":{"inline_featured_image":false},"product_brand":[],"product_cat":[15],"product_tag":[],"class_list":{"0":"post-41281","1":"product","2":"type-product","3":"status-publish","4":"has-post-thumbnail","6":"product_cat-uncategorized","8":"first","9":"instock","10":"sale","11":"shipping-taxable","12":"purchasable","13":"product-type-simple"},"acf":[],"_links":{"self":[{"href":"https:\/\/scroll-zone.com\/rs\/wp-json\/wp\/v2\/product\/41281","targetHints":{"allow":["GET"]}}],"collection":[{"href":"https:\/\/scroll-zone.com\/rs\/wp-json\/wp\/v2\/product"}],"about":[{"href":"https:\/\/scroll-zone.com\/rs\/wp-json\/wp\/v2\/types\/product"}],"replies":[{"embeddable":true,"href":"https:\/\/scroll-zone.com\/rs\/wp-json\/wp\/v2\/comments?post=41281"}],"wp:featuredmedia":[{"embeddable":true,"href":"https:\/\/scroll-zone.com\/rs\/wp-json\/wp\/v2\/media\/41286"}],"wp:attachment":[{"href":"https:\/\/scroll-zone.com\/rs\/wp-json\/wp\/v2\/media?parent=41281"}],"wp:term":[{"taxonomy":"product_brand","embeddable":true,"href":"https:\/\/scroll-zone.com\/rs\/wp-json\/wp\/v2\/product_brand?post=41281"},{"taxonomy":"product_cat","embeddable":true,"href":"https:\/\/scroll-zone.com\/rs\/wp-json\/wp\/v2\/product_cat?post=41281"},{"taxonomy":"product_tag","embeddable":true,"href":"https:\/\/scroll-zone.com\/rs\/wp-json\/wp\/v2\/product_tag?post=41281"}],"curies":[{"name":"wp","href":"https:\/\/api.w.org\/{rel}","templated":true}]}}