{"id":41234,"date":"2024-09-26T08:32:16","date_gmt":"2024-09-26T06:32:16","guid":{"rendered":"https:\/\/scroll-zone.com\/rs\/?post_type=product&#038;p=41234"},"modified":"2024-09-27T15:52:59","modified_gmt":"2024-09-27T13:52:59","slug":"set-sprava-za-pilates","status":"publish","type":"product","link":"https:\/\/scroll-zone.com\/rs\/proizvod\/set-sprava-za-pilates\/","title":{"rendered":"Set sprava za pilates"},"content":{"rendered":"","protected":false},"excerpt":{"rendered":"<p>Savr\u0161en set za izvo\u0111enje ve\u017ebi koje pove\u0107avaju fleksibilnost, unutra\u0161nju ravnote\u017eu i snagu!<\/p>\n","protected":false},"featured_media":41237,"comment_status":"open","ping_status":"closed","template":"","meta":{"inline_featured_image":false},"product_brand":[],"product_cat":[15],"product_tag":[],"class_list":{"0":"post-41234","1":"product","2":"type-product","3":"status-publish","4":"has-post-thumbnail","6":"product_cat-uncategorized","8":"first","9":"instock","10":"sale","11":"shipping-taxable","12":"purchasable","13":"product-type-simple"},"acf":[],"_links":{"self":[{"href":"https:\/\/scroll-zone.com\/rs\/wp-json\/wp\/v2\/product\/41234","targetHints":{"allow":["GET"]}}],"collection":[{"href":"https:\/\/scroll-zone.com\/rs\/wp-json\/wp\/v2\/product"}],"about":[{"href":"https:\/\/scroll-zone.com\/rs\/wp-json\/wp\/v2\/types\/product"}],"replies":[{"embeddable":true,"href":"https:\/\/scroll-zone.com\/rs\/wp-json\/wp\/v2\/comments?post=41234"}],"wp:featuredmedia":[{"embeddable":true,"href":"https:\/\/scroll-zone.com\/rs\/wp-json\/wp\/v2\/media\/41237"}],"wp:attachment":[{"href":"https:\/\/scroll-zone.com\/rs\/wp-json\/wp\/v2\/media?parent=41234"}],"wp:term":[{"taxonomy":"product_brand","embeddable":true,"href":"https:\/\/scroll-zone.com\/rs\/wp-json\/wp\/v2\/product_brand?post=41234"},{"taxonomy":"product_cat","embeddable":true,"href":"https:\/\/scroll-zone.com\/rs\/wp-json\/wp\/v2\/product_cat?post=41234"},{"taxonomy":"product_tag","embeddable":true,"href":"https:\/\/scroll-zone.com\/rs\/wp-json\/wp\/v2\/product_tag?post=41234"}],"curies":[{"name":"wp","href":"https:\/\/api.w.org\/{rel}","templated":true}]}}