{"id":36773,"date":"2024-03-01T13:37:13","date_gmt":"2024-03-01T12:37:13","guid":{"rendered":"https:\/\/scroll-zone.com\/rs\/?post_type=product&#038;p=36773"},"modified":"2024-03-19T12:43:16","modified_gmt":"2024-03-19T11:43:16","slug":"samozakljucavajuca-preklopna-sarka","status":"publish","type":"product","link":"https:\/\/scroll-zone.com\/rs\/proizvod\/samozakljucavajuca-preklopna-sarka\/","title":{"rendered":"Samozaklju\u010davaju\u0107e preklopne \u0161arke &#8211; Komplet 4 komada"},"content":{"rendered":"","protected":false},"excerpt":{"rendered":"<p>Preklop od 90 stepeni . Sklopivi mehanizam, veoma prakti\u010dan i lagan za instaliranje.<\/p>\n","protected":false},"featured_media":36779,"comment_status":"open","ping_status":"closed","template":"","meta":{"inline_featured_image":false},"product_brand":[],"product_cat":[15],"product_tag":[],"class_list":{"0":"post-36773","1":"product","2":"type-product","3":"status-publish","4":"has-post-thumbnail","6":"product_cat-uncategorized","8":"first","9":"instock","10":"sale","11":"shipping-taxable","12":"purchasable","13":"product-type-simple"},"acf":[],"_links":{"self":[{"href":"https:\/\/scroll-zone.com\/rs\/wp-json\/wp\/v2\/product\/36773","targetHints":{"allow":["GET"]}}],"collection":[{"href":"https:\/\/scroll-zone.com\/rs\/wp-json\/wp\/v2\/product"}],"about":[{"href":"https:\/\/scroll-zone.com\/rs\/wp-json\/wp\/v2\/types\/product"}],"replies":[{"embeddable":true,"href":"https:\/\/scroll-zone.com\/rs\/wp-json\/wp\/v2\/comments?post=36773"}],"wp:featuredmedia":[{"embeddable":true,"href":"https:\/\/scroll-zone.com\/rs\/wp-json\/wp\/v2\/media\/36779"}],"wp:attachment":[{"href":"https:\/\/scroll-zone.com\/rs\/wp-json\/wp\/v2\/media?parent=36773"}],"wp:term":[{"taxonomy":"product_brand","embeddable":true,"href":"https:\/\/scroll-zone.com\/rs\/wp-json\/wp\/v2\/product_brand?post=36773"},{"taxonomy":"product_cat","embeddable":true,"href":"https:\/\/scroll-zone.com\/rs\/wp-json\/wp\/v2\/product_cat?post=36773"},{"taxonomy":"product_tag","embeddable":true,"href":"https:\/\/scroll-zone.com\/rs\/wp-json\/wp\/v2\/product_tag?post=36773"}],"curies":[{"name":"wp","href":"https:\/\/api.w.org\/{rel}","templated":true}]}}