{"id":25133,"date":"2026-03-27T13:59:12","date_gmt":"2026-03-27T12:59:12","guid":{"rendered":"https:\/\/scroll-zone.com\/ro\/produs\/ncksty-product\/"},"modified":"2026-04-29T10:39:11","modified_gmt":"2026-04-29T08:39:11","slug":"curea-pentru-gat-cu-catuse-pentru-conectare","status":"publish","type":"product","link":"https:\/\/scroll-zone.com\/ro\/produs\/curea-pentru-gat-cu-catuse-pentru-conectare\/","title":{"rendered":"Curea pentru g\u00e2t cu c\u0103tu\u0219e pentru conectare"},"content":{"rendered":"","protected":false},"excerpt":{"rendered":"<p>Set discret \u0219i confortabil care aduce o nou\u0103 dinamic\u0103 \u00een rela\u021bia dintre doi parteneri prin jocul de \u00eencredere \u0219i apropiere. Designul ajustabil permite o potrivire sigur\u0103 \u0219i pl\u0103cut\u0103 f\u0103r\u0103 disconfort. Materialele de calitate ofer\u0103 durabilitate \u0219i o senza\u021bie pl\u0103cut\u0103 la fiecare utilizare.<\/p>\n","protected":false},"featured_media":25135,"comment_status":"closed","ping_status":"closed","template":"","meta":{"inline_featured_image":false},"product_brand":[],"product_cat":[15,27,24,35],"product_tag":[],"class_list":{"0":"post-25133","1":"product","2":"type-product","3":"status-publish","4":"has-post-thumbnail","6":"product_cat-uncategorized","7":"product_cat-home","8":"product_cat-sale","9":"product_cat-fun","11":"first","12":"instock","13":"sale","14":"taxable","15":"shipping-taxable","16":"purchasable","17":"product-type-simple"},"acf":[],"_links":{"self":[{"href":"https:\/\/scroll-zone.com\/ro\/wp-json\/wp\/v2\/product\/25133","targetHints":{"allow":["GET"]}}],"collection":[{"href":"https:\/\/scroll-zone.com\/ro\/wp-json\/wp\/v2\/product"}],"about":[{"href":"https:\/\/scroll-zone.com\/ro\/wp-json\/wp\/v2\/types\/product"}],"replies":[{"embeddable":true,"href":"https:\/\/scroll-zone.com\/ro\/wp-json\/wp\/v2\/comments?post=25133"}],"wp:featuredmedia":[{"embeddable":true,"href":"https:\/\/scroll-zone.com\/ro\/wp-json\/wp\/v2\/media\/25135"}],"wp:attachment":[{"href":"https:\/\/scroll-zone.com\/ro\/wp-json\/wp\/v2\/media?parent=25133"}],"wp:term":[{"taxonomy":"product_brand","embeddable":true,"href":"https:\/\/scroll-zone.com\/ro\/wp-json\/wp\/v2\/product_brand?post=25133"},{"taxonomy":"product_cat","embeddable":true,"href":"https:\/\/scroll-zone.com\/ro\/wp-json\/wp\/v2\/product_cat?post=25133"},{"taxonomy":"product_tag","embeddable":true,"href":"https:\/\/scroll-zone.com\/ro\/wp-json\/wp\/v2\/product_tag?post=25133"}],"curies":[{"name":"wp","href":"https:\/\/api.w.org\/{rel}","templated":true}]}}